{"id":72609,"date":"2018-06-22T06:00:38","date_gmt":"2018-06-22T06:00:38","guid":{"rendered":"https:\/\/www.lipadrvo.com\/company\/"},"modified":"2025-02-24T22:03:27","modified_gmt":"2025-02-24T20:03:27","slug":"kompanija","status":"publish","type":"page","link":"https:\/\/www.lipadrvo.com\/bs\/kompanija\/","title":{"rendered":"Kompanija"},"content":{"rendered":"<div class=\"wpb-content-wrapper\"><p>[vc_row type=&#8221;container&#8221; css=&#8221;.vc_custom_1529648625696{padding-top: 40px !important;padding-bottom: 20px !important;}&#8221;][vc_column width=&#8221;1\/2&#8221;][vc_column_text css=&#8221;&#8221;]Osnovana 2000. u Omarskoj, u jednom od najvrijednjih \u0161umskih podru\u010dja u svijetu za proizvodnju bukovih dasaka, Lipa se isti\u010de po kvalitetu svojih proizvoda i zalaganju za ekolo\u0161ku odr\u017eivost.[\/vc_column_text][\/vc_column][vc_column width=&#8221;1\/2&#8221;][vc_single_image image=&#8221;72553&#8221; img_size=&#8221;full&#8221;][\/vc_column][\/vc_row][vc_row type=&#8221;container&#8221; css=&#8221;.vc_custom_1459251841324{padding-top: 20px !important;padding-bottom: 20px !important;}&#8221;][vc_column width=&#8221;1\/2&#8221;][vc_single_image image=&#8221;71324&#8221; img_size=&#8221;full&#8221;][\/vc_column][vc_column width=&#8221;1\/2&#8221;][vc_column_text css=&#8221;&#8221;]<strong>Zalaganje za ekolo\u0161ku odr\u017eivost certifikovano<\/strong><br \/>\nU Lipi , za\u0161tita \u017eivotne sredine je prioritet. Zbog toga sara\u0111ujemo isklju\u010divo sa FSC\u00ae certifikovanim dobavlja\u010dima , pa\u017eljivo odabranim , kako bi garantovali porijeklo na\u0161eg drveta iz \u0161uma kojima se odgovorno rukovodi. Izabrati Lipu zna\u010di izabrati odr\u017eivu budu\u0107nost.<\/p>\n<p>Iskustvo ste\u010deno u radu preko 20 godina, u kombinaciji sa zalaganjem za kvalitet i za\u0161titu okoline, u\u010dinilo je Lipu vode\u0107om firmom u sektoru proizvodnje Bukve i Hrasta , referentom ta\u010dkom u Bosni i Hercegovini.[\/vc_column_text][\/vc_column][\/vc_row][vc_row type=&#8221;container&#8221; css=&#8221;.vc_custom_1459251841324{padding-top: 20px !important;padding-bottom: 20px !important;}&#8221;][vc_column width=&#8221;1\/2&#8221;][vc_column_text css=&#8221;&#8221;]<strong>Vrijednost ljudi <\/strong><br \/>\nUspjeh Lipe se bazira na profesionalnosti, ozbiljnosti i iskustvu ljudi koji je \u010dine. Vjerujemo u vrijednost svakog saradnika i investiramo u razvoj na\u0161eg tima.<br \/>\nLipini proizvodi, koji su FSC\u00ae certifikovani, dose\u017eu do klijenata \u0161irom svijeta , zahvaljuju\u0107i podr\u0161ci ra\u0161irene komercijalne mre\u017ee Cora Timber Industries. Visoko kvalifikovane usluge podr\u0161ke i savjetovanja , prati na\u0161e partnere u svakoj fazi procesa kupovine.[\/vc_column_text][\/vc_column][vc_column width=&#8221;1\/2&#8221;][vc_single_image image=&#8221;72406&#8221; img_size=&#8221;full&#8221;][\/vc_column][\/vc_row][vc_row type=&#8221;container&#8221; css=&#8221;.vc_custom_1459251841324{padding-top: 20px !important;padding-bottom: 20px !important;}&#8221;][vc_column width=&#8221;1\/2&#8221;][vc_single_image image=&#8221;71325&#8221; img_size=&#8221;full&#8221;][\/vc_column][vc_column width=&#8221;1\/2&#8221;][vc_column_text css=&#8221;&#8221;]<strong>Od \u0161ume do krajnjeg klijenta<\/strong><br \/>\nPa\u017eljivo pratimo svaku fazu proizvodnog ciklusa , od nabavke FSC\u00ae certifikovanih trupaca, do isporuke finalnog proizvoda, garantuju\u0107i visoke standarde u kvalitetu i maksimalno zadovoljstvo kupca.<br \/>\nFSC\u00ae certifikat (Forest Stewardship Council) svjedo\u010di o na\u0161em zalaganju za odgovorno upravljanje \u0161umama, kao i na\u0161oj predanosti koja je usmjerena o\u010duvanju i pove\u0107anju dobrobiti ekosistema.[\/vc_column_text][\/vc_column][\/vc_row][vc_row type=&#8221;container&#8221;][vc_column][vc_separator color=&#8221;#eeeeee&#8221; type=&#8221;normal&#8221; thickness=&#8221;1&#8221; up=&#8221;&#8221; down=&#8221;&#8221;][\/vc_column][\/vc_row][vc_row type=&#8221;container&#8221; css=&#8221;.vc_custom_1459253963078{margin-top: 13px !important;margin-bottom: 35px !important;}&#8221;][vc_column width=&#8221;1\/2&#8221;][vc_column_text css=&#8221;.vc_custom_1562600479485{margin-bottom: 20px !important;}&#8221;]<\/p>\n<h2 style=\"font-weight: inherit;\">Tehnologija<\/h2>\n<p>[\/vc_column_text][vc_separator color=&#8221;#b9c00e&#8221; align=&#8221;align_left&#8221; type=&#8221;small&#8221; position=&#8221;center&#8221; thickness=&#8221;2&#8221; up=&#8221;&#8221; down=&#8221;&#8221;][vc_column_text css=&#8221;.vc_custom_1738917717594{margin-bottom: 0px !important;padding-top: 20px !important;}&#8221;]Da bi zadovoljili razli\u010dite potrebe na\u0161ih klijenata , Lipa koristi moderne i efikasne ma\u0161ine:<\/p>\n<p>Lipa raspola\u017ee sa:<\/p>\n<ul>\n<li style=\"list-style-type: none;\">\n<ul>\n<li>1 brenta Primultini<\/li>\n<li>3 kraj\u010dera Modesto<\/li>\n<li>1 BFB linija za automatsku selekciju kvaliteta<\/li>\n<li>24 su\u0161are<\/li>\n<li>2 parionice<\/li>\n<li>3 kotla<\/li>\n<\/ul>\n<p>&nbsp;<\/li>\n<\/ul>\n<p>[\/vc_column_text][\/vc_column][vc_column width=&#8221;1\/2&#8221; css=&#8221;.vc_custom_1459251898962{padding-top: 32px !important;}&#8221;][vc_column_text]<style>\r\n\r\n#wpsm_counter_b_row_72631 .wpsm_counterbox\r\n{\r\n\ttext-align:center;\r\n\tmargin-top:50px;\r\n\tmargin-bottom:50px;\r\n}\r\n#wpsm_counter_b_row_72631 .wpsm_counterbox .wpsm_count-icon{\r\n\tdisplay:block;\r\n\tmargin-top:20px;\r\n\tpadding-top:0px;\r\n\tpadding-bottom:0px;\r\n\tmargin-bottom:0px;\r\n\tmargin:0 auto;\r\n}\r\n#wpsm_counter_b_row_72631 .wpsm_counterbox .wpsm_count-icon i{\r\n\tfont-size:20px;\r\n\tcolor:#000000;\r\n}\r\n#wpsm_counter_b_row_72631 .wpsm_counterbox .wpsm_number{\r\n\tfont-size:30px;\r\n\tfont-weight:300;\r\n\tcolor:#000000;\r\n\tfont-family:'Open Sans';\r\n\tletter-spacing:2px;\r\n\tmargin-top:20px;\r\n\tline-height: 1.3em;\r\n\tpadding-top:0px;\r\n\tpadding-bottom:0px;\r\n\tmargin-bottom:0px;\r\n}\r\n#wpsm_counter_b_row_72631 .wpsm_counterbox .wpsm_count-title{\r\n    font-size:20px;\r\n\tfont-weight:bolder;\r\n\tfont-family:'Open Sans';\r\n\tletter-spacing:2px;\r\n    color: #000000;\r\n\tfont-weight:300;\r\n\tmargin-top:20px;\r\n\tpadding-top:0px;\r\n\tpadding-bottom:0px;\r\n\tmargin-bottom:0px;\r\n\tline-height: 1.3em;\r\n}\r\n\r\n.wpsm_number {float:left!important;text-align:left!important;}\r\n.wpsm_count-title {float:right;margin-top:-30px!important;min-height:auto!important;}\r\n.wpsm_counterbox {margin-top:0px!important;margin-bottom:0px!important;}\r\n.wpsm_row .wpsm_col-md-12 {border-bottom:1px solid #cecece;}<\/style> \r\n\t\t \r\n\t\t\r\n\t\t<style>\r\n\t\t#wpsm_counter_b_row_72631\t\t\t{\r\n\t\t\t\t\r\n\t\t\t\tposition:relative;\r\n\t\t\t\twidth:100%;\r\n\t\t\t\toverflow:hidden;\r\n\t\t\t\ttext-align:center;\r\n\t\t\t}\r\n\t\t\t \r\n\t\t\t#wpsm_counter_b_row_72631 .wpsm_row{\r\n\t\t\toverflow:hidden;\r\n\t\t\tdisplay:block;\r\n\t\t\twidth:100%;\r\n\t\t\t} \r\n\t\t\t \r\n\t\t\t#wpsm_counter_b_row_72631 .wpsm_row{\r\n\t\t\toverflow:visible;\r\n\t\t\t} \r\n\t\t\t \r\n\t\t\t#wpsm_counter_b_row_72631 .wpsm_counterbox .wpsm_count-title{\r\n\t\t\tmin-height:56px;\r\n\t\t\t}}\r\n\t\t\t \r\n\t\t<\/style>\r\n\t\t\r\n\t\t<div class=\"wpsm_counter_b_row\" id=\"wpsm_counter_b_row_72631\">\r\n\t\t\t<div>\r\n\t\t\t\t<div class=\"wpsm_row\">\r\n\t\t\r\n\t\t\t\t\t\t<div class=\"wpsm_col-md-12 wpsm_col-sm-6\">\r\n\t\t\t\t\t<div class=\"wpsm_counterbox\">\r\n\t\t\t\t\t\t\t\t\t\t\t\t<div class=\"wpsm_number\" style=\"#000000\" >\r\n\t\t\t\t\t\t   <span class=\"counter\">70000\t\t\t\t\t\t   <\/span>\r\n\t\t\t\t\t\t    \r\n\t\t\t\t\t    <\/div>\r\n\t\t\t\t\t\t<h3 class=\"wpsm_count-title\" #000000> kvadratnih metara ukupne povr\u0161ine kompanije<\/h3>\r\n\t\t\t\t\t\t \r\n\t\t\t\t\t<\/div>\r\n\t\t\t\t<\/div>\r\n\t\t\t\t\t\t<\/div>\r\n\t\t\t<div class=\"wpsm_row\">\r\n\t\t\t\t\t\t\t\t<div class=\"wpsm_col-md-12 wpsm_col-sm-6\">\r\n\t\t\t\t\t<div class=\"wpsm_counterbox\">\r\n\t\t\t\t\t\t\t\t\t\t\t\t<div class=\"wpsm_number\" style=\"#000000\" >\r\n\t\t\t\t\t\t   <span class=\"counter\">80\t\t\t\t\t\t   <\/span>\r\n\t\t\t\t\t\t    \r\n\t\t\t\t\t    <\/div>\r\n\t\t\t\t\t\t<h3 class=\"wpsm_count-title\" #000000> zaposlenih<\/h3>\r\n\t\t\t\t\t\t \r\n\t\t\t\t\t<\/div>\r\n\t\t\t\t<\/div>\r\n\t\t\t\t\t\t<\/div>\r\n\t\t\t<div class=\"wpsm_row\">\r\n\t\t\t\t\t\t\t\t<div class=\"wpsm_col-md-12 wpsm_col-sm-6\">\r\n\t\t\t\t\t<div class=\"wpsm_counterbox\">\r\n\t\t\t\t\t\t\t\t\t\t\t\t<div class=\"wpsm_number\" style=\"#000000\" >\r\n\t\t\t\t\t\t   <span class=\"counter\">10000\t\t\t\t\t\t   <\/span>\r\n\t\t\t\t\t\t    \r\n\t\t\t\t\t    <\/div>\r\n\t\t\t\t\t\t<h3 class=\"wpsm_count-title\" #000000> kvadratnih metara industrijskog postrojenja<\/h3>\r\n\t\t\t\t\t\t \r\n\t\t\t\t\t<\/div>\r\n\t\t\t\t<\/div>\r\n\t\t\t\t\t\t<\/div>\r\n\t\t\t<div class=\"wpsm_row\">\r\n\t\t\t\t\t\t\t\t<div class=\"wpsm_col-md-12 wpsm_col-sm-6\">\r\n\t\t\t\t\t<div class=\"wpsm_counterbox\">\r\n\t\t\t\t\t\t\t\t\t\t\t\t<div class=\"wpsm_number\" style=\"#000000\" >\r\n\t\t\t\t\t\t   <span class=\"counter\">1500\t\t\t\t\t\t   <\/span>\r\n\t\t\t\t\t\t    \r\n\t\t\t\t\t    <\/div>\r\n\t\t\t\t\t\t<h3 class=\"wpsm_count-title\" #000000> kubnih metara kapacitet su\u0161ara<\/h3>\r\n\t\t\t\t\t\t \r\n\t\t\t\t\t<\/div>\r\n\t\t\t\t<\/div>\r\n\t\t\t\t\t\t<\/div>\r\n\t\t\t<div class=\"wpsm_row\">\r\n\t\t\t\t\t\t\r\n\t\t\t<\/div>\t\t\t\t<\/div>\r\n\t\t<\/div>\r\n\t\t\r\n\t[\/vc_column_text][\/vc_column][\/vc_row][vc_row parallax=&#8221;content-moving&#8221; parallax_image=&#8221;72120&#8221; type=&#8221;full_page_width_inner_container&#8221; css=&#8221;.vc_custom_1540306978855{padding-top: 50px !important;padding-bottom: 50px !important;background-position: center;background-repeat: no-repeat !important;background-size: cover !important;}&#8221;][vc_column width=&#8221;1\/4&#8221;][\/vc_column][vc_column width=&#8221;1\/2&#8221;][vc_column_text el_class=&#8221;white-text&#8221;]<\/p>\n<h1 style=\"text-align: center; font-weight: 400;\">PROIZVODI<\/h1>\n<h5 style=\"text-align: center; margin-top: 0;\">Da biste pogledali vi\u0161e o LIPA proizvodnji,<br \/>\nkliknite na logo ispod:<\/h5>\n<p>[\/vc_column_text][vc_single_image image=&#8221;72372&#8221; img_size=&#8221;full&#8221; alignment=&#8221;center&#8221; onclick=&#8221;custom_link&#8221; link=&#8221;\/bs\/proizvodi\/&#8221;][\/vc_column][vc_column width=&#8221;1\/4&#8221;][\/vc_column][\/vc_row][vc_row type=&#8221;container&#8221;][vc_column][vc_column_text]<\/p>\n<p>[\/vc_column_text][\/vc_column][\/vc_row]<\/p>\n<\/div>","protected":false},"excerpt":{"rendered":"<p>[vc_row type=&#8221;container&#8221; css=&#8221;.vc_custom_1529648625696{padding-top: 40px !important;padding-bottom: 20px !important;}&#8221;][vc_column width=&#8221;1\/2&#8221;][vc_column_text css=&#8221;&#8221;]Osnovana 2000. u Omarskoj, u jednom od najvrijednjih \u0161umskih podru\u010dja u svijetu za proizvodnju bukovih dasaka, Lipa se isti\u010de po kvalitetu svojih proizvoda i zalaganju za ekolo\u0161ku odr\u017eivost.[\/vc_column_text][\/vc_column][vc_column width=&#8221;1\/2&#8221;][vc_single_image image=&#8221;72553&#8221; img_size=&#8221;full&#8221;][\/vc_column][\/vc_row][vc_row type=&#8221;container&#8221; css=&#8221;.vc_custom_1459251841324{padding-top: 20px !important;padding-bottom: 20px !important;}&#8221;][vc_column width=&#8221;1\/2&#8221;][vc_single_image image=&#8221;71324&#8221; img_size=&#8221;full&#8221;][\/vc_column][vc_column width=&#8221;1\/2&#8221;][vc_column_text css=&#8221;&#8221;]Zalaganje za ekolo\u0161ku odr\u017eivost certifikovano U [&hellip;]<\/p>\n","protected":false},"author":1,"featured_media":72570,"parent":0,"menu_order":0,"comment_status":"closed","ping_status":"closed","template":"page-full-width.php","meta":{"_acf_changed":false,"footnotes":""},"class_list":["post-72609","page","type-page","status-publish","has-post-thumbnail","hentry"],"acf":[],"yoast_head":"<!-- This site is optimized with the Yoast SEO plugin v24.4 - https:\/\/yoast.com\/wordpress\/plugins\/seo\/ -->\n<title>Kompanija - LIPA<\/title>\n<meta name=\"robots\" content=\"index, follow, max-snippet:-1, max-image-preview:large, max-video-preview:-1\" \/>\n<link rel=\"canonical\" href=\"https:\/\/www.lipadrvo.com\/bs\/kompanija\/\" \/>\n<meta property=\"og:locale\" content=\"bs_BA\" \/>\n<meta property=\"og:type\" content=\"article\" \/>\n<meta property=\"og:title\" content=\"Kompanija - LIPA\" \/>\n<meta property=\"og:description\" content=\"[vc_row type=&#8221;container&#8221; css=&#8221;.vc_custom_1529648625696{padding-top: 40px !important;padding-bottom: 20px !important;}&#8221;][vc_column width=&#8221;1\/2&#8221;][vc_column_text css=&#8221;&#8221;]Osnovana 2000. u Omarskoj, u jednom od najvrijednjih \u0161umskih podru\u010dja u svijetu za proizvodnju bukovih dasaka, Lipa se isti\u010de po kvalitetu svojih proizvoda i zalaganju za ekolo\u0161ku odr\u017eivost.[\/vc_column_text][\/vc_column][vc_column width=&#8221;1\/2&#8221;][vc_single_image image=&#8221;72553&#8221; img_size=&#8221;full&#8221;][\/vc_column][\/vc_row][vc_row type=&#8221;container&#8221; css=&#8221;.vc_custom_1459251841324{padding-top: 20px !important;padding-bottom: 20px !important;}&#8221;][vc_column width=&#8221;1\/2&#8221;][vc_single_image image=&#8221;71324&#8221; img_size=&#8221;full&#8221;][\/vc_column][vc_column width=&#8221;1\/2&#8221;][vc_column_text css=&#8221;&#8221;]Zalaganje za ekolo\u0161ku odr\u017eivost certifikovano U [&hellip;]\" \/>\n<meta property=\"og:url\" content=\"https:\/\/www.lipadrvo.com\/bs\/kompanija\/\" \/>\n<meta property=\"og:site_name\" content=\"LIPA\" \/>\n<meta property=\"article:modified_time\" content=\"2025-02-24T20:03:27+00:00\" \/>\n<meta property=\"og:image\" content=\"https:\/\/www.lipadrvo.com\/wp-content\/uploads\/2018\/06\/home-bg-numeri-color.jpg\" \/>\n\t<meta property=\"og:image:width\" content=\"1980\" \/>\n\t<meta property=\"og:image:height\" content=\"717\" \/>\n\t<meta property=\"og:image:type\" content=\"image\/jpeg\" \/>\n<meta name=\"twitter:card\" content=\"summary_large_image\" \/>\n<meta name=\"twitter:label1\" content=\"Est. reading time\" \/>\n\t<meta name=\"twitter:data1\" content=\"4 minute\" \/>\n<script type=\"application\/ld+json\" class=\"yoast-schema-graph\">{\"@context\":\"https:\/\/schema.org\",\"@graph\":[{\"@type\":\"WebPage\",\"@id\":\"https:\/\/www.lipadrvo.com\/bs\/kompanija\/\",\"url\":\"https:\/\/www.lipadrvo.com\/bs\/kompanija\/\",\"name\":\"Kompanija - LIPA\",\"isPartOf\":{\"@id\":\"https:\/\/www.lipadrvo.com\/#website\"},\"primaryImageOfPage\":{\"@id\":\"https:\/\/www.lipadrvo.com\/bs\/kompanija\/#primaryimage\"},\"image\":{\"@id\":\"https:\/\/www.lipadrvo.com\/bs\/kompanija\/#primaryimage\"},\"thumbnailUrl\":\"https:\/\/www.lipadrvo.com\/wp-content\/uploads\/2018\/06\/home-bg-numeri-color.jpg\",\"datePublished\":\"2018-06-22T06:00:38+00:00\",\"dateModified\":\"2025-02-24T20:03:27+00:00\",\"breadcrumb\":{\"@id\":\"https:\/\/www.lipadrvo.com\/bs\/kompanija\/#breadcrumb\"},\"inLanguage\":\"bs-BA\",\"potentialAction\":[{\"@type\":\"ReadAction\",\"target\":[\"https:\/\/www.lipadrvo.com\/bs\/kompanija\/\"]}]},{\"@type\":\"ImageObject\",\"inLanguage\":\"bs-BA\",\"@id\":\"https:\/\/www.lipadrvo.com\/bs\/kompanija\/#primaryimage\",\"url\":\"https:\/\/www.lipadrvo.com\/wp-content\/uploads\/2018\/06\/home-bg-numeri-color.jpg\",\"contentUrl\":\"https:\/\/www.lipadrvo.com\/wp-content\/uploads\/2018\/06\/home-bg-numeri-color.jpg\",\"width\":1980,\"height\":717},{\"@type\":\"BreadcrumbList\",\"@id\":\"https:\/\/www.lipadrvo.com\/bs\/kompanija\/#breadcrumb\",\"itemListElement\":[{\"@type\":\"ListItem\",\"position\":1,\"name\":\"Home\",\"item\":\"https:\/\/www.lipadrvo.com\/bs\/\"},{\"@type\":\"ListItem\",\"position\":2,\"name\":\"Kompanija\"}]},{\"@type\":\"WebSite\",\"@id\":\"https:\/\/www.lipadrvo.com\/#website\",\"url\":\"https:\/\/www.lipadrvo.com\/\",\"name\":\"LIPA\",\"description\":\"Rooted in quality and trust\",\"potentialAction\":[{\"@type\":\"SearchAction\",\"target\":{\"@type\":\"EntryPoint\",\"urlTemplate\":\"https:\/\/www.lipadrvo.com\/?s={search_term_string}\"},\"query-input\":{\"@type\":\"PropertyValueSpecification\",\"valueRequired\":true,\"valueName\":\"search_term_string\"}}],\"inLanguage\":\"bs-BA\"}]}<\/script>\n<!-- \/ Yoast SEO plugin. -->","yoast_head_json":{"title":"Kompanija - LIPA","robots":{"index":"index","follow":"follow","max-snippet":"max-snippet:-1","max-image-preview":"max-image-preview:large","max-video-preview":"max-video-preview:-1"},"canonical":"https:\/\/www.lipadrvo.com\/bs\/kompanija\/","og_locale":"bs_BA","og_type":"article","og_title":"Kompanija - LIPA","og_description":"[vc_row type=&#8221;container&#8221; css=&#8221;.vc_custom_1529648625696{padding-top: 40px !important;padding-bottom: 20px !important;}&#8221;][vc_column width=&#8221;1\/2&#8221;][vc_column_text css=&#8221;&#8221;]Osnovana 2000. u Omarskoj, u jednom od najvrijednjih \u0161umskih podru\u010dja u svijetu za proizvodnju bukovih dasaka, Lipa se isti\u010de po kvalitetu svojih proizvoda i zalaganju za ekolo\u0161ku odr\u017eivost.[\/vc_column_text][\/vc_column][vc_column width=&#8221;1\/2&#8221;][vc_single_image image=&#8221;72553&#8221; img_size=&#8221;full&#8221;][\/vc_column][\/vc_row][vc_row type=&#8221;container&#8221; css=&#8221;.vc_custom_1459251841324{padding-top: 20px !important;padding-bottom: 20px !important;}&#8221;][vc_column width=&#8221;1\/2&#8221;][vc_single_image image=&#8221;71324&#8221; img_size=&#8221;full&#8221;][\/vc_column][vc_column width=&#8221;1\/2&#8221;][vc_column_text css=&#8221;&#8221;]Zalaganje za ekolo\u0161ku odr\u017eivost certifikovano U [&hellip;]","og_url":"https:\/\/www.lipadrvo.com\/bs\/kompanija\/","og_site_name":"LIPA","article_modified_time":"2025-02-24T20:03:27+00:00","og_image":[{"width":1980,"height":717,"url":"https:\/\/www.lipadrvo.com\/wp-content\/uploads\/2018\/06\/home-bg-numeri-color.jpg","type":"image\/jpeg"}],"twitter_card":"summary_large_image","twitter_misc":{"Est. reading time":"4 minute"},"schema":{"@context":"https:\/\/schema.org","@graph":[{"@type":"WebPage","@id":"https:\/\/www.lipadrvo.com\/bs\/kompanija\/","url":"https:\/\/www.lipadrvo.com\/bs\/kompanija\/","name":"Kompanija - LIPA","isPartOf":{"@id":"https:\/\/www.lipadrvo.com\/#website"},"primaryImageOfPage":{"@id":"https:\/\/www.lipadrvo.com\/bs\/kompanija\/#primaryimage"},"image":{"@id":"https:\/\/www.lipadrvo.com\/bs\/kompanija\/#primaryimage"},"thumbnailUrl":"https:\/\/www.lipadrvo.com\/wp-content\/uploads\/2018\/06\/home-bg-numeri-color.jpg","datePublished":"2018-06-22T06:00:38+00:00","dateModified":"2025-02-24T20:03:27+00:00","breadcrumb":{"@id":"https:\/\/www.lipadrvo.com\/bs\/kompanija\/#breadcrumb"},"inLanguage":"bs-BA","potentialAction":[{"@type":"ReadAction","target":["https:\/\/www.lipadrvo.com\/bs\/kompanija\/"]}]},{"@type":"ImageObject","inLanguage":"bs-BA","@id":"https:\/\/www.lipadrvo.com\/bs\/kompanija\/#primaryimage","url":"https:\/\/www.lipadrvo.com\/wp-content\/uploads\/2018\/06\/home-bg-numeri-color.jpg","contentUrl":"https:\/\/www.lipadrvo.com\/wp-content\/uploads\/2018\/06\/home-bg-numeri-color.jpg","width":1980,"height":717},{"@type":"BreadcrumbList","@id":"https:\/\/www.lipadrvo.com\/bs\/kompanija\/#breadcrumb","itemListElement":[{"@type":"ListItem","position":1,"name":"Home","item":"https:\/\/www.lipadrvo.com\/bs\/"},{"@type":"ListItem","position":2,"name":"Kompanija"}]},{"@type":"WebSite","@id":"https:\/\/www.lipadrvo.com\/#website","url":"https:\/\/www.lipadrvo.com\/","name":"LIPA","description":"Rooted in quality and trust","potentialAction":[{"@type":"SearchAction","target":{"@type":"EntryPoint","urlTemplate":"https:\/\/www.lipadrvo.com\/?s={search_term_string}"},"query-input":{"@type":"PropertyValueSpecification","valueRequired":true,"valueName":"search_term_string"}}],"inLanguage":"bs-BA"}]}},"_links":{"self":[{"href":"https:\/\/www.lipadrvo.com\/bs\/wp-json\/wp\/v2\/pages\/72609","targetHints":{"allow":["GET"]}}],"collection":[{"href":"https:\/\/www.lipadrvo.com\/bs\/wp-json\/wp\/v2\/pages"}],"about":[{"href":"https:\/\/www.lipadrvo.com\/bs\/wp-json\/wp\/v2\/types\/page"}],"author":[{"embeddable":true,"href":"https:\/\/www.lipadrvo.com\/bs\/wp-json\/wp\/v2\/users\/1"}],"replies":[{"embeddable":true,"href":"https:\/\/www.lipadrvo.com\/bs\/wp-json\/wp\/v2\/comments?post=72609"}],"version-history":[{"count":10,"href":"https:\/\/www.lipadrvo.com\/bs\/wp-json\/wp\/v2\/pages\/72609\/revisions"}],"predecessor-version":[{"id":73037,"href":"https:\/\/www.lipadrvo.com\/bs\/wp-json\/wp\/v2\/pages\/72609\/revisions\/73037"}],"wp:featuredmedia":[{"embeddable":true,"href":"https:\/\/www.lipadrvo.com\/bs\/wp-json\/wp\/v2\/media\/72570"}],"wp:attachment":[{"href":"https:\/\/www.lipadrvo.com\/bs\/wp-json\/wp\/v2\/media?parent=72609"}],"curies":[{"name":"wp","href":"https:\/\/api.w.org\/{rel}","templated":true}]}}