{"id":72645,"date":"2016-03-25T22:43:00","date_gmt":"2016-03-25T22:43:00","guid":{"rendered":"https:\/\/www.lipadrvo.com\/contacts\/"},"modified":"2025-01-17T10:49:27","modified_gmt":"2025-01-17T08:49:27","slug":"kontakt","status":"publish","type":"page","link":"https:\/\/www.lipadrvo.com\/bs\/kontakt\/","title":{"rendered":"Kontakt"},"content":{"rendered":"<div class=\"wpb-content-wrapper\"><p>[vc_row type=&#8221;container&#8221;][vc_column][vc_column_text css=&#8221;.vc_custom_1562601754049{margin-bottom: 0px !important;}&#8221;]<\/p>\n<h1 style=\"text-align: center;\">Kontakt<\/h1>\n<p>[\/vc_column_text][\/vc_column][\/vc_row][vc_row type=&#8221;container&#8221; css=&#8221;.vc_custom_1459000021404{padding-top: 18px !important;}&#8221;][vc_column][vc_separator color=&#8221;#e2e2e2&#8221; type=&#8221;normal&#8221; thickness=&#8221;1&#8221; up=&#8221;&#8221; down=&#8221;30&#8221;][vc_row_inner][vc_column_inner width=&#8221;1\/2&#8221;][vc_column_text css=&#8221;.vc_custom_1573482458037{margin-bottom: -10px !important;}&#8221;]<\/p>\n<h4 style=\"text-align: center;\">Za doma\u0107e tr\u017ei\u0161te:<\/h4>\n<h5 style=\"text-align: center;\"><strong>LIPA-DRVO D.O.O.<\/strong><\/h5>\n<p style=\"text-align: center;\">Magistralni put bb \/ Omarska-Prijedor, RS-BiH<br \/>\nJIB: 440691600001<\/p>\n<p style=\"text-align: center;\">Tel: +387 (0)52 333 149<br \/>\nFax: +387 (0)52 331 170<\/p>\n<p style=\"text-align: center;\"><a href=\"mailto:info@lipadrvo.com\">info@lipadrvo.com<\/a><\/p>\n<p>[\/vc_column_text][\/vc_column_inner][vc_column_inner width=&#8221;1\/2&#8221;][vc_column_text css=&#8221;.vc_custom_1573482468447{margin-bottom: -10px !important;}&#8221;]<\/p>\n<h4 style=\"text-align: center;\">Za inostrano tr\u017ei\u0161te:<\/h4>\n<h5 style=\"text-align: center;\"><strong>Cor\u00e0 Timber Industries Srl<\/strong><\/h5>\n<p style=\"text-align: center;\">Contr\u00e0 Lodi, 32<br \/>\n36100 \u2013 Vicenza<\/p>\n<p style=\"text-align: center;\">+39 0444 212453<\/p>\n<p>[\/vc_column_text][vc_empty_space height=&#8221;50px&#8221;][vc_column_text css=&#8221;&#8221;]<\/p>\n<p style=\"text-align: center;\"><a href=\"mailto:info@coratimberindustries.com\">info@coratimberindustries.com<\/a><\/p>\n<p>[\/vc_column_text][\/vc_column_inner][\/vc_row_inner][\/vc_column][\/vc_row][vc_row type=&#8221;container&#8221; css=&#8221;.vc_custom_1459000109670{margin-top: -30px !important;padding-bottom: 25px !important;}&#8221;][vc_column][vc_column_text css=&#8221;.vc_custom_1573482484352{padding-top: 20px !important;}&#8221;]<\/p>\n<h2 style=\"text-align: center; font-size: 40px;\">Po\u0161aljite nam poruku<\/h2>\n<p>[\/vc_column_text][\/vc_column][\/vc_row][vc_row type=&#8221;container&#8221;][vc_column width=&#8221;1\/2&#8221; css=&#8221;.vc_custom_1459437935057{margin-bottom: 35px !important;}&#8221;]\n<div class=\"wpcf7 no-js\" id=\"wpcf7-f72675-o1\" lang=\"en-US\" dir=\"ltr\" data-wpcf7-id=\"72675\">\n<div class=\"screen-reader-response\"><p role=\"status\" aria-live=\"polite\" aria-atomic=\"true\"><\/p> <ul><\/ul><\/div>\n<form action=\"\/bs\/wp-json\/wp\/v2\/pages\/72645#wpcf7-f72675-o1\" method=\"post\" class=\"wpcf7-form init\" aria-label=\"Contact form\" novalidate=\"novalidate\" data-status=\"init\">\n<div style=\"display: none;\">\n<input type=\"hidden\" name=\"_wpcf7\" value=\"72675\" \/>\n<input type=\"hidden\" name=\"_wpcf7_version\" value=\"6.0.3\" \/>\n<input type=\"hidden\" name=\"_wpcf7_locale\" value=\"en_US\" \/>\n<input type=\"hidden\" name=\"_wpcf7_unit_tag\" value=\"wpcf7-f72675-o1\" \/>\n<input type=\"hidden\" name=\"_wpcf7_container_post\" value=\"0\" \/>\n<input type=\"hidden\" name=\"_wpcf7_posted_data_hash\" value=\"\" \/>\n<\/div>\n<p><label> Ime i prezime (*)<br \/>\n<span class=\"wpcf7-form-control-wrap\" data-name=\"t-nome\"><input size=\"40\" maxlength=\"400\" class=\"wpcf7-form-control wpcf7-text wpcf7-validates-as-required\" aria-required=\"true\" aria-invalid=\"false\" value=\"\" type=\"text\" name=\"t-nome\" \/><\/span> <\/label>\n<\/p>\n<p><label> Email (*)<br \/>\n<span class=\"wpcf7-form-control-wrap\" data-name=\"t-email\"><input size=\"40\" maxlength=\"400\" class=\"wpcf7-form-control wpcf7-email wpcf7-validates-as-required wpcf7-text wpcf7-validates-as-email\" aria-required=\"true\" aria-invalid=\"false\" value=\"\" type=\"email\" name=\"t-email\" \/><\/span> <\/label>\n<\/p>\n<p><label> Telefon<br \/>\n<span class=\"wpcf7-form-control-wrap\" data-name=\"t-telefono\"><input size=\"40\" maxlength=\"400\" class=\"wpcf7-form-control wpcf7-text\" aria-invalid=\"false\" value=\"\" type=\"text\" name=\"t-telefono\" \/><\/span> <\/label>\n<\/p>\n<p><label> Poruka<br \/>\n<span class=\"wpcf7-form-control-wrap\" data-name=\"t-messaggio\"><textarea cols=\"40\" rows=\"10\" maxlength=\"2000\" class=\"wpcf7-form-control wpcf7-textarea\" aria-invalid=\"false\" name=\"t-messaggio\"><\/textarea><\/span> <\/label><br \/>\n<span class=\"wpcf7-form-control-wrap\" data-name=\"acceptance-620\"><span class=\"wpcf7-form-control wpcf7-acceptance\"><span class=\"wpcf7-list-item\"><input type=\"checkbox\" name=\"acceptance-620\" value=\"1\" aria-invalid=\"false\" \/><\/span><\/span><\/span> Svjestan sam da \u0107e se podaci ste\u010deni ovim obrascem obra\u0111ivati u skladu s Uredbom 196\/2003 i uredbom EU 679\/2016 koja se odnosi na obradu osobnih podataka<br \/>\n<input class=\"wpcf7-form-control wpcf7-submit has-spinner\" type=\"submit\" value=\"Po\u0161aljite poruku\" \/>\n<\/p><div class=\"wpcf7-response-output\" aria-hidden=\"true\"><\/div>\n<\/form>\n<\/div>\n[\/vc_column][vc_column width=&#8221;1\/2&#8221;][vc_gmaps link=&#8221;#E-8_JTNDaWZyYW1lJTIwc3JjJTNEJTIyaHR0cHMlM0ElMkYlMkZ3d3cuZ29vZ2xlLmNvbSUyRm1hcHMlMkZlbWJlZCUzRnBiJTNEJTIxMW0xOCUyMTFtMTIlMjExbTMlMjExZDI3OTQuMDc5OTA4NTgwMTkyJTIxMmQxMS41MzY5NzE0MTU5OTA0NDklMjEzZDQ1LjU0ODcxODAzNTgyMDE2JTIxMm0zJTIxMWYwJTIxMmYwJTIxM2YwJTIxM20yJTIxMWkxMDI0JTIxMmk3NjglMjE0ZjEzLjElMjEzbTMlMjExbTIlMjExczB4NDc3ZjMzZDg2NGY2ZGI5MSUyNTNBMHg0NmQxODUyYTMxNDBhMzkyJTIxMnNDb250ciUyNUMzJTI1QTAlMkJMb2RpJTI1MkMlMkIzMiUyNTJDJTJCMzYxMDAlMkJWaWNlbnphJTJCVkklMjE1ZTAlMjEzbTIlMjExc2l0JTIxMnNpdCUyMTR2MTU0ODk0MTA4NTgyMyUyMiUyMHdpZHRoJTNEJTIyNjAwJTIyJTIwaGVpZ2h0JTNEJTIyNDUwJTIyJTIwZnJhbWVib3JkZXIlM0QlMjIwJTIyJTIwc3R5bGUlM0QlMjJib3JkZXIlM0EwJTIyJTIwYWxsb3dmdWxsc2NyZWVuJTNFJTNDJTJGaWZyYW1lJTNF&#8221; size=&#8221;470&#8221;][\/vc_column][\/vc_row][vc_row type=&#8221;container&#8221;][vc_column][\/vc_column][\/vc_row]<\/p>\n<\/div>","protected":false},"excerpt":{"rendered":"<p>[vc_row type=&#8221;container&#8221;][vc_column][vc_column_text css=&#8221;.vc_custom_1562601754049{margin-bottom: 0px !important;}&#8221;] Kontakt [\/vc_column_text][\/vc_column][\/vc_row][vc_row type=&#8221;container&#8221; css=&#8221;.vc_custom_1459000021404{padding-top: 18px !important;}&#8221;][vc_column][vc_separator color=&#8221;#e2e2e2&#8221; type=&#8221;normal&#8221; thickness=&#8221;1&#8221; up=&#8221;&#8221; down=&#8221;30&#8221;][vc_row_inner][vc_column_inner width=&#8221;1\/2&#8221;][vc_column_text css=&#8221;.vc_custom_1573482458037{margin-bottom: -10px !important;}&#8221;] Za doma\u0107e tr\u017ei\u0161te: LIPA-DRVO D.O.O. Magistralni put bb \/ Omarska-Prijedor, RS-BiH JIB: 440691600001 Tel: +387 (0)52 333 149 Fax: +387 (0)52 331 170 info@lipadrvo.com [\/vc_column_text][\/vc_column_inner][vc_column_inner width=&#8221;1\/2&#8221;][vc_column_text css=&#8221;.vc_custom_1573482468447{margin-bottom: -10px !important;}&#8221;] Za inostrano tr\u017ei\u0161te: Cor\u00e0 Timber Industries [&hellip;]<\/p>\n","protected":false},"author":1,"featured_media":0,"parent":0,"menu_order":0,"comment_status":"closed","ping_status":"closed","template":"page-full-width.php","meta":{"_acf_changed":false,"footnotes":""},"class_list":["post-72645","page","type-page","status-publish","hentry"],"acf":[],"yoast_head":"<!-- This site is optimized with the Yoast SEO plugin v24.4 - https:\/\/yoast.com\/wordpress\/plugins\/seo\/ -->\n<title>Kontakt - LIPA<\/title>\n<meta name=\"robots\" content=\"index, follow, max-snippet:-1, max-image-preview:large, max-video-preview:-1\" \/>\n<link rel=\"canonical\" href=\"https:\/\/www.lipadrvo.com\/bs\/kontakt\/\" \/>\n<meta property=\"og:locale\" content=\"bs_BA\" \/>\n<meta property=\"og:type\" content=\"article\" \/>\n<meta property=\"og:title\" content=\"Kontakt - LIPA\" \/>\n<meta property=\"og:description\" content=\"[vc_row type=&#8221;container&#8221;][vc_column][vc_column_text css=&#8221;.vc_custom_1562601754049{margin-bottom: 0px !important;}&#8221;] Kontakt [\/vc_column_text][\/vc_column][\/vc_row][vc_row type=&#8221;container&#8221; css=&#8221;.vc_custom_1459000021404{padding-top: 18px !important;}&#8221;][vc_column][vc_separator color=&#8221;#e2e2e2&#8221; type=&#8221;normal&#8221; thickness=&#8221;1&#8221; up=&#8221;&#8221; down=&#8221;30&#8221;][vc_row_inner][vc_column_inner width=&#8221;1\/2&#8221;][vc_column_text css=&#8221;.vc_custom_1573482458037{margin-bottom: -10px !important;}&#8221;] Za doma\u0107e tr\u017ei\u0161te: LIPA-DRVO D.O.O. Magistralni put bb \/ Omarska-Prijedor, RS-BiH JIB: 440691600001 Tel: +387 (0)52 333 149 Fax: +387 (0)52 331 170 info@lipadrvo.com [\/vc_column_text][\/vc_column_inner][vc_column_inner width=&#8221;1\/2&#8221;][vc_column_text css=&#8221;.vc_custom_1573482468447{margin-bottom: -10px !important;}&#8221;] Za inostrano tr\u017ei\u0161te: Cor\u00e0 Timber Industries [&hellip;]\" \/>\n<meta property=\"og:url\" content=\"https:\/\/www.lipadrvo.com\/bs\/kontakt\/\" \/>\n<meta property=\"og:site_name\" content=\"LIPA\" \/>\n<meta property=\"article:modified_time\" content=\"2025-01-17T08:49:27+00:00\" \/>\n<meta name=\"twitter:card\" content=\"summary_large_image\" \/>\n<meta name=\"twitter:label1\" content=\"Est. reading time\" \/>\n\t<meta name=\"twitter:data1\" content=\"1 minuta\" \/>\n<script type=\"application\/ld+json\" class=\"yoast-schema-graph\">{\"@context\":\"https:\/\/schema.org\",\"@graph\":[{\"@type\":\"WebPage\",\"@id\":\"https:\/\/www.lipadrvo.com\/bs\/kontakt\/\",\"url\":\"https:\/\/www.lipadrvo.com\/bs\/kontakt\/\",\"name\":\"Kontakt - LIPA\",\"isPartOf\":{\"@id\":\"https:\/\/www.lipadrvo.com\/#website\"},\"datePublished\":\"2016-03-25T22:43:00+00:00\",\"dateModified\":\"2025-01-17T08:49:27+00:00\",\"breadcrumb\":{\"@id\":\"https:\/\/www.lipadrvo.com\/bs\/kontakt\/#breadcrumb\"},\"inLanguage\":\"bs-BA\",\"potentialAction\":[{\"@type\":\"ReadAction\",\"target\":[\"https:\/\/www.lipadrvo.com\/bs\/kontakt\/\"]}]},{\"@type\":\"BreadcrumbList\",\"@id\":\"https:\/\/www.lipadrvo.com\/bs\/kontakt\/#breadcrumb\",\"itemListElement\":[{\"@type\":\"ListItem\",\"position\":1,\"name\":\"Home\",\"item\":\"https:\/\/www.lipadrvo.com\/bs\/\"},{\"@type\":\"ListItem\",\"position\":2,\"name\":\"Kontakt\"}]},{\"@type\":\"WebSite\",\"@id\":\"https:\/\/www.lipadrvo.com\/#website\",\"url\":\"https:\/\/www.lipadrvo.com\/\",\"name\":\"LIPA\",\"description\":\"Rooted in quality and trust\",\"potentialAction\":[{\"@type\":\"SearchAction\",\"target\":{\"@type\":\"EntryPoint\",\"urlTemplate\":\"https:\/\/www.lipadrvo.com\/?s={search_term_string}\"},\"query-input\":{\"@type\":\"PropertyValueSpecification\",\"valueRequired\":true,\"valueName\":\"search_term_string\"}}],\"inLanguage\":\"bs-BA\"}]}<\/script>\n<!-- \/ Yoast SEO plugin. -->","yoast_head_json":{"title":"Kontakt - LIPA","robots":{"index":"index","follow":"follow","max-snippet":"max-snippet:-1","max-image-preview":"max-image-preview:large","max-video-preview":"max-video-preview:-1"},"canonical":"https:\/\/www.lipadrvo.com\/bs\/kontakt\/","og_locale":"bs_BA","og_type":"article","og_title":"Kontakt - LIPA","og_description":"[vc_row type=&#8221;container&#8221;][vc_column][vc_column_text css=&#8221;.vc_custom_1562601754049{margin-bottom: 0px !important;}&#8221;] Kontakt [\/vc_column_text][\/vc_column][\/vc_row][vc_row type=&#8221;container&#8221; css=&#8221;.vc_custom_1459000021404{padding-top: 18px !important;}&#8221;][vc_column][vc_separator color=&#8221;#e2e2e2&#8221; type=&#8221;normal&#8221; thickness=&#8221;1&#8221; up=&#8221;&#8221; down=&#8221;30&#8221;][vc_row_inner][vc_column_inner width=&#8221;1\/2&#8221;][vc_column_text css=&#8221;.vc_custom_1573482458037{margin-bottom: -10px !important;}&#8221;] Za doma\u0107e tr\u017ei\u0161te: LIPA-DRVO D.O.O. Magistralni put bb \/ Omarska-Prijedor, RS-BiH JIB: 440691600001 Tel: +387 (0)52 333 149 Fax: +387 (0)52 331 170 info@lipadrvo.com [\/vc_column_text][\/vc_column_inner][vc_column_inner width=&#8221;1\/2&#8221;][vc_column_text css=&#8221;.vc_custom_1573482468447{margin-bottom: -10px !important;}&#8221;] Za inostrano tr\u017ei\u0161te: Cor\u00e0 Timber Industries [&hellip;]","og_url":"https:\/\/www.lipadrvo.com\/bs\/kontakt\/","og_site_name":"LIPA","article_modified_time":"2025-01-17T08:49:27+00:00","twitter_card":"summary_large_image","twitter_misc":{"Est. reading time":"1 minuta"},"schema":{"@context":"https:\/\/schema.org","@graph":[{"@type":"WebPage","@id":"https:\/\/www.lipadrvo.com\/bs\/kontakt\/","url":"https:\/\/www.lipadrvo.com\/bs\/kontakt\/","name":"Kontakt - LIPA","isPartOf":{"@id":"https:\/\/www.lipadrvo.com\/#website"},"datePublished":"2016-03-25T22:43:00+00:00","dateModified":"2025-01-17T08:49:27+00:00","breadcrumb":{"@id":"https:\/\/www.lipadrvo.com\/bs\/kontakt\/#breadcrumb"},"inLanguage":"bs-BA","potentialAction":[{"@type":"ReadAction","target":["https:\/\/www.lipadrvo.com\/bs\/kontakt\/"]}]},{"@type":"BreadcrumbList","@id":"https:\/\/www.lipadrvo.com\/bs\/kontakt\/#breadcrumb","itemListElement":[{"@type":"ListItem","position":1,"name":"Home","item":"https:\/\/www.lipadrvo.com\/bs\/"},{"@type":"ListItem","position":2,"name":"Kontakt"}]},{"@type":"WebSite","@id":"https:\/\/www.lipadrvo.com\/#website","url":"https:\/\/www.lipadrvo.com\/","name":"LIPA","description":"Rooted in quality and trust","potentialAction":[{"@type":"SearchAction","target":{"@type":"EntryPoint","urlTemplate":"https:\/\/www.lipadrvo.com\/?s={search_term_string}"},"query-input":{"@type":"PropertyValueSpecification","valueRequired":true,"valueName":"search_term_string"}}],"inLanguage":"bs-BA"}]}},"_links":{"self":[{"href":"https:\/\/www.lipadrvo.com\/bs\/wp-json\/wp\/v2\/pages\/72645","targetHints":{"allow":["GET"]}}],"collection":[{"href":"https:\/\/www.lipadrvo.com\/bs\/wp-json\/wp\/v2\/pages"}],"about":[{"href":"https:\/\/www.lipadrvo.com\/bs\/wp-json\/wp\/v2\/types\/page"}],"author":[{"embeddable":true,"href":"https:\/\/www.lipadrvo.com\/bs\/wp-json\/wp\/v2\/users\/1"}],"replies":[{"embeddable":true,"href":"https:\/\/www.lipadrvo.com\/bs\/wp-json\/wp\/v2\/comments?post=72645"}],"version-history":[{"count":3,"href":"https:\/\/www.lipadrvo.com\/bs\/wp-json\/wp\/v2\/pages\/72645\/revisions"}],"predecessor-version":[{"id":72876,"href":"https:\/\/www.lipadrvo.com\/bs\/wp-json\/wp\/v2\/pages\/72645\/revisions\/72876"}],"wp:attachment":[{"href":"https:\/\/www.lipadrvo.com\/bs\/wp-json\/wp\/v2\/media?parent=72645"}],"curies":[{"name":"wp","href":"https:\/\/api.w.org\/{rel}","templated":true}]}}