{"id":72649,"date":"2018-10-11T16:08:46","date_gmt":"2018-10-11T16:08:46","guid":{"rendered":"https:\/\/www.lipadrvo.com\/products\/"},"modified":"2025-02-27T16:57:21","modified_gmt":"2025-02-27T14:57:21","slug":"proizvodi","status":"publish","type":"page","link":"https:\/\/www.lipadrvo.com\/bs\/proizvodi\/","title":{"rendered":"Proizvodi"},"content":{"rendered":"<div class=\"wpb-content-wrapper\"><p>[vc_row type=&#8221;container&#8221;][vc_column][vc_column_text css=&#8221;.vc_custom_1735640949519{margin-bottom: -10px !important;}&#8221;]<\/p>\n<h1 style=\"text-align: center;\">Proizvodi<\/h1>\n<p>[\/vc_column_text][vc_column_text css=&#8221;&#8221;]<\/p>\n<h4 style=\"text-align: center;\"><span style=\"color: #999999;\">Evropsko drvo, za svjetsko tr\u017ei\u0161te.<\/span><\/h4>\n<p>[\/vc_column_text][\/vc_column][\/vc_row][vc_row full_width=&#8221;stretch_row&#8221; parallax=&#8221;content-moving&#8221; parallax_image=&#8221;72332&#8221; type=&#8221;container&#8221;][vc_column][vc_column_text css=&#8221;.vc_custom_1738921534338{padding-top: 80px !important;padding-bottom: 100px !important;}&#8221; el_class=&#8221;white-text&#8221;]<\/p>\n<h2 style=\"text-align: center; font-size: 48px;\">BUKVA<\/h2>\n<p>[\/vc_column_text][\/vc_column][\/vc_row][vc_row full_width=&#8221;stretch_row&#8221; type=&#8221;container&#8221;][vc_column width=&#8221;1\/2&#8221;][vc_column_text css=&#8221;&#8221;]<\/p>\n<h3>OP\u0160TI OPIS<\/h3>\n<p>Boja bukve je svjetloru\u017ei\u010dasto-sme\u0111a. Tekstura je fina, a vlakna uglavnom ravna.<strong><br \/>\nNamjena:<\/strong>\u00a0stolice i namje\u0161taj uop\u0161te; plo\u010de, zakrivljene konture.<br \/>\n<strong>Upotreba:<\/strong>\u00a0unutra\u0161nja[\/vc_column_text][\/vc_column][vc_column width=&#8221;1\/2&#8221;][vc_column_text css=&#8221;&#8221;]<\/p>\n<h3>TEHNI\u010cKI OPIS<\/h3>\n<p><strong>Porijeklo:<\/strong>\u00a0Bosna i Hercegovina<br \/>\n<strong>Proizvodnja:<\/strong>\u00a0su\u0161eno na 12 +\/- 2%, oblano po bo\u010dnim stranama, blago pareno (8 sati)<br \/>\n<strong>Debljina:<\/strong>\u00a026 mm \u2013 32 mm * \u2013 38 mm \u2013 50 mm \u2013 60 mm * (stvarna debljina u prodaji nakon su\u0161enja)<\/p>\n<p>* Ograni\u010dena raspolo\u017eivost[\/vc_column_text][\/vc_column][\/vc_row][vc_row type=&#8221;container&#8221;][vc_column width=&#8221;1\/3&#8221;][vc_column_text css=&#8221;.vc_custom_1738921589370{margin-bottom: 10px !important;}&#8221;]<\/p>\n<h3 style=\"text-align: left; font-weight: 800;\">A KLASA<\/h3>\n<p>[\/vc_column_text][vc_separator color=&#8221;#999999&#8221; type=&#8221;normal&#8221; thickness=&#8221;1&#8221; up=&#8221;&#8221; down=&#8221;30&#8221;][vc_column_text css=&#8221;&#8221;]<strong>Kvalitet:<\/strong>\u00a090% 4 strane \u010diste 10% 3 strane \u010diste<br \/>\n<strong>Debljina:<\/strong>\u00a026\/32\/38\/50\/60 mm<br \/>\n<strong>\u0160irina:<\/strong>\u00a0120 mm i vi\u0161e (10% od 100 do 110 mm)<br \/>\n<strong>Du\u017eina:<\/strong>\u00a02100 mm i vi\u0161e<\/p>\n<p><strong>Tako\u0111e dostupno u:<\/strong>\u00a0kratka (1000-2000mm) \/ super kratka (300-900mm)[\/vc_column_text][\/vc_column][vc_column width=&#8221;1\/3&#8221;][vc_column_text css=&#8221;.vc_custom_1738921857652{margin-bottom: 10px !important;}&#8221;]<\/p>\n<h3 style=\"text-align: center; font-size: 20px:color:#666;\">lice<\/h3>\n<p>[\/vc_column_text][vc_separator color=&#8221;#999999&#8221; type=&#8221;normal&#8221; thickness=&#8221;1&#8221; up=&#8221;&#8221; down=&#8221;30&#8221;][vc_single_image image=&#8221;72815&#8221; img_size=&#8221;1300&#215;650&#8221; style=&#8221;zoooom&#8221; onclick=&#8221;link_image&#8221; css=&#8221;.vc_custom_1737107638617{margin-bottom: 22px !important;}&#8221;][\/vc_column][vc_column width=&#8221;1\/3&#8221;][vc_column_text css=&#8221;.vc_custom_1740668227196{margin-bottom: 10px !important;}&#8221;]<\/p>\n<h3 style=\"text-align: center; font-size: 20px:color:#666;\">nali\u010dje<\/h3>\n<p>[\/vc_column_text][vc_separator color=&#8221;#999999&#8221; type=&#8221;normal&#8221; thickness=&#8221;1&#8221; up=&#8221;&#8221; down=&#8221;30&#8221;][vc_single_image image=&#8221;72818&#8221; img_size=&#8221;1300&#215;650&#8221; style=&#8221;zoooom&#8221; onclick=&#8221;link_image&#8221; css=&#8221;.vc_custom_1737105768557{margin-bottom: 22px !important;}&#8221;][\/vc_column][\/vc_row][vc_row type=&#8221;container&#8221;][vc_column width=&#8221;1\/3&#8221;][vc_column_text css=&#8221;.vc_custom_1738921617074{margin-bottom: 10px !important;}&#8221;]<\/p>\n<h3 style=\"text-align: left; font-weight: 800;\">AB KLASA<\/h3>\n<p>[\/vc_column_text][vc_separator color=&#8221;#999999&#8221; type=&#8221;normal&#8221; thickness=&#8221;1&#8221; up=&#8221;&#8221; down=&#8221;30&#8221;][vc_column_text css=&#8221;&#8221;]<strong>Kvalitet:<\/strong>\u00a0100% s 3 strane \u010diste<br \/>\n<strong>Debljina:<\/strong> 26\/32\/38\/50\/60mm<br \/>\n<strong>\u0160irina:<\/strong>\u00a0120 mm i vi\u0161e s 10% od 100 do 110 mm<br \/>\n<strong>Du\u017eina:<\/strong>\u00a02100 mm i vi\u0161e[\/vc_column_text][\/vc_column][vc_column width=&#8221;1\/3&#8221;][vc_column_text css=&#8221;.vc_custom_1738921853332{margin-bottom: 10px !important;}&#8221;]<\/p>\n<h3 style=\"text-align: center; font-size: 20px:color:#666;\">lice<\/h3>\n<p>[\/vc_column_text][vc_separator color=&#8221;#999999&#8221; type=&#8221;normal&#8221; thickness=&#8221;1&#8221; up=&#8221;&#8221; down=&#8221;30&#8221;][vc_single_image image=&#8221;72809&#8221; img_size=&#8221;1300&#215;650&#8221; style=&#8221;zoooom&#8221; onclick=&#8221;link_image&#8221; css=&#8221;.vc_custom_1736888595204{margin-bottom: 22px !important;}&#8221;][\/vc_column][vc_column width=&#8221;1\/3&#8221;][vc_column_text css=&#8221;.vc_custom_1740668233238{margin-bottom: 10px !important;}&#8221;]<\/p>\n<h3 style=\"text-align: center; font-size: 20px:color:#666;\">nali\u010dje<\/h3>\n<p>[\/vc_column_text][vc_separator color=&#8221;#999999&#8221; type=&#8221;normal&#8221; thickness=&#8221;1&#8221; up=&#8221;&#8221; down=&#8221;30&#8221;][vc_single_image image=&#8221;72812&#8221; img_size=&#8221;1300&#215;650&#8221; style=&#8221;zoooom&#8221; onclick=&#8221;link_image&#8221; css=&#8221;.vc_custom_1736888611186{margin-bottom: 22px !important;}&#8221;][\/vc_column][\/vc_row][vc_row type=&#8221;container&#8221;][vc_column width=&#8221;1\/3&#8221;][vc_column_text css=&#8221;.vc_custom_1735642457948{margin-bottom: 10px !important;}&#8221;]<\/p>\n<h3 style=\"text-align: left; font-weight: 800;\">INDUSTRIAL<\/h3>\n<p>[\/vc_column_text][vc_separator color=&#8221;#999999&#8221; type=&#8221;normal&#8221; thickness=&#8221;1&#8221; up=&#8221;&#8221; down=&#8221;30&#8221;][vc_column_text css=&#8221;&#8221;]<strong>Kvalitet:<\/strong>\u00a0\u010dvorovi na obe strane, zdravo srce<br \/>\n<strong>Debljina:<\/strong> 26\/32\/38\/50\/60mm<br \/>\n<strong>\u0160irina:<\/strong> 120 mm +<br \/>\n<strong>Du\u017eina:<\/strong>\u00a02100 mm i vi\u0161e<\/p>\n<p>Neprobijaju\u0107i i probijaju\u0107i \u010dvorovi s obe strane sa povr\u0161inama bez uporednih gre\u0161aka na obe strane.[\/vc_column_text][\/vc_column][vc_column width=&#8221;1\/3&#8221;][vc_column_text css=&#8221;.vc_custom_1738921848778{margin-bottom: 10px !important;}&#8221;]<\/p>\n<h3 style=\"text-align: center; font-size: 20px:color:#666;\">lice<\/h3>\n<p>[\/vc_column_text][vc_separator color=&#8221;#999999&#8221; type=&#8221;normal&#8221; thickness=&#8221;1&#8221; up=&#8221;&#8221; down=&#8221;30&#8221;][vc_single_image image=&#8221;72821&#8221; img_size=&#8221;1300&#215;650&#8221; style=&#8221;zoooom&#8221; onclick=&#8221;link_image&#8221; css=&#8221;.vc_custom_1736888625531{margin-bottom: 22px !important;}&#8221;][\/vc_column][vc_column width=&#8221;1\/3&#8221;][vc_column_text css=&#8221;.vc_custom_1740668238969{margin-bottom: 10px !important;}&#8221;]<\/p>\n<h3 style=\"text-align: center; font-size: 20px:color:#666;\">nali\u010dje<\/h3>\n<p>[\/vc_column_text][vc_separator color=&#8221;#999999&#8221; type=&#8221;normal&#8221; thickness=&#8221;1&#8221; up=&#8221;&#8221; down=&#8221;30&#8221;][vc_single_image image=&#8221;72824&#8221; img_size=&#8221;1300&#215;650&#8221; style=&#8221;zoooom&#8221; onclick=&#8221;link_image&#8221; css=&#8221;.vc_custom_1736888642828{margin-bottom: 22px !important;}&#8221;][\/vc_column][\/vc_row][vc_row full_width=&#8221;stretch_row&#8221; parallax=&#8221;content-moving&#8221; parallax_image=&#8221;72338&#8221; type=&#8221;container&#8221; css=&#8221;.vc_custom_1543177599288{margin-top: 80px !important;}&#8221;][vc_column][vc_column_text css=&#8221;.vc_custom_1738921688882{padding-top: 80px !important;padding-bottom: 100px !important;}&#8221; el_class=&#8221;white-text&#8221;]<\/p>\n<h2 style=\"text-align: center; font-size: 48px;\">HRAST<\/h2>\n<p>[\/vc_column_text][\/vc_column][\/vc_row][vc_row full_width=&#8221;stretch_row&#8221; type=&#8221;container&#8221;][vc_column width=&#8221;1\/2&#8221;][vc_column_text css=&#8221;&#8221;]<\/p>\n<h3>OP\u0160TI OPIS<\/h3>\n<p>Drvo je svjetlosme\u0111e boje, vlakno prelazi iz ravnog u nepravilno i ukr\u0161teno, zavisno od uslova rasta. Kod radijalnih rezova, prepoznatljivi srebrnasti oblici.<br \/>\n<strong>Namjena:<\/strong>\u00a0namje\u0161taj, stolarija visokog kvaliteta, ba\u010dve za vino, pivo i konjak, kutije.<br \/>\n<strong>Upotreba:<\/strong>\u00a0unutra\u0161nja i vanjska[\/vc_column_text][\/vc_column][vc_column width=&#8221;1\/2&#8221;][vc_column_text css=&#8221;&#8221;]<\/p>\n<h3>TEHNI\u010cKI OPIS<\/h3>\n<p><strong>Porijeklo:<\/strong>\u00a0Bosna i Hrvatska<br \/>\n<strong>Proizvodnja:<\/strong>\u00a0su\u0161eno na 12 +\/- 2%,<br \/>\n<strong>Debljina:<\/strong>\u00a026 mm \u2013 32 mm \u2013 38 mm \u2013 50 mm \u2013 63 mm (stvarna debljina nakon su\u0161enja)[\/vc_column_text][\/vc_column][\/vc_row][vc_row type=&#8221;container&#8221;][vc_column width=&#8221;1\/3&#8221;][vc_column_text css=&#8221;.vc_custom_1735642697046{margin-bottom: 10px !important;}&#8221;]<\/p>\n<h3 style=\"text-align: left; font-weight: 800;\">PRIME<\/h3>\n<p>[\/vc_column_text][vc_separator color=&#8221;#999999&#8221; type=&#8221;normal&#8221; thickness=&#8221;1&#8221; up=&#8221;&#8221; down=&#8221;30&#8221;][vc_column_text css=&#8221;&#8221;]<strong>Kvalitet:<\/strong> 80% 4 strane \u010diste 20% 3 strane \u010diste<br \/>\n<strong>Debljina:<\/strong>\u00a026\/32\/38\/50 mm<br \/>\n<strong>\u0160irina:<\/strong>\u00a0120 mm i vi\u0161e (sa 10% od 100 mm do 110 mm)<br \/>\n<strong>Du\u017eina:<\/strong>\u00a02100 mm i vi\u0161e<\/p>\n<p><strong>Tako\u0111e dostupno u:<\/strong>\u00a0kratka (1000-2000mm) \/ super kratka (300-900mm)[\/vc_column_text][\/vc_column][vc_column width=&#8221;1\/3&#8221;][vc_column_text css=&#8221;.vc_custom_1738921844138{margin-bottom: 10px !important;}&#8221;]<\/p>\n<h3 style=\"text-align: center; font-size: 20px:color:#666;\">lice<\/h3>\n<p>[\/vc_column_text][vc_separator color=&#8221;#999999&#8221; type=&#8221;normal&#8221; thickness=&#8221;1&#8221; up=&#8221;&#8221; down=&#8221;30&#8221;][vc_single_image image=&#8221;72827&#8221; img_size=&#8221;1300&#215;650&#8221; style=&#8221;zoooom&#8221; onclick=&#8221;link_image&#8221; css=&#8221;.vc_custom_1736888676652{margin-bottom: 22px !important;}&#8221;][\/vc_column][vc_column width=&#8221;1\/3&#8221;][vc_column_text css=&#8221;&#8221;]<\/p>\n<h3 style=\"text-align: center; font-size: 20px:color:#666;\">nali\u010dje<\/h3>\n<p>[\/vc_column_text][vc_separator color=&#8221;#999999&#8221; type=&#8221;normal&#8221; thickness=&#8221;1&#8221; up=&#8221;&#8221; down=&#8221;30&#8221;][vc_single_image image=&#8221;72830&#8221; img_size=&#8221;1300&#215;650&#8221; style=&#8221;zoooom&#8221; onclick=&#8221;link_image&#8221; css=&#8221;.vc_custom_1736888688113{margin-bottom: 22px !important;}&#8221;][\/vc_column][\/vc_row][vc_row type=&#8221;container&#8221;][vc_column width=&#8221;1\/3&#8221;][vc_column_text css=&#8221;.vc_custom_1738921783978{margin-bottom: 10px !important;}&#8221;]<\/p>\n<h3 style=\"text-align: left; font-weight: 800;\">RUSTIK PLUS<\/h3>\n<p>[\/vc_column_text][vc_separator color=&#8221;#999999&#8221; type=&#8221;normal&#8221; thickness=&#8221;1&#8221; up=&#8221;&#8221; down=&#8221;30&#8221;][vc_column_text css=&#8221;&#8221;]<strong>Kvalitet:<\/strong>\u00a0dopu\u0161teni su \u010dvorovi na obe strane, do 30 mm; uglavnom zdravi \u010dvorovi, sr\u010dani dijelovi nisu dopu\u0161teni, velike sredi\u0161nje pukotine i rascjepi nisu dopu\u0161teni. Minimalna prisutnost malih pukotina na \u010delima i ograni\u010dena prisutnost bjeljike.<br \/>\n<strong>Debljina:<\/strong>\u00a026\/32\/38\/50 mm<br \/>\n<strong>\u0160irina:<\/strong>\u00a0od 120 mm i vi\u0161e (sa 10% od 100 do 110 mm)<br \/>\n<strong>Du\u017eina:<\/strong>\u00a0od 2100 mm i vi\u0161e[\/vc_column_text][\/vc_column][vc_column width=&#8221;1\/3&#8221;][vc_column_text css=&#8221;.vc_custom_1738921839027{margin-bottom: 10px !important;}&#8221;]<\/p>\n<h3 style=\"text-align: center; font-size: 20px:color:#666;\">lice<\/h3>\n<p>[\/vc_column_text][vc_separator color=&#8221;#999999&#8221; type=&#8221;normal&#8221; thickness=&#8221;1&#8221; up=&#8221;&#8221; down=&#8221;30&#8221;][vc_single_image image=&#8221;72833&#8221; img_size=&#8221;1300&#215;650&#8221; style=&#8221;zoooom&#8221; onclick=&#8221;link_image&#8221; css=&#8221;.vc_custom_1736888706537{margin-bottom: 22px !important;}&#8221;][\/vc_column][vc_column width=&#8221;1\/3&#8221;][vc_column_text css=&#8221;&#8221;]<\/p>\n<h3 style=\"text-align: center; font-size: 20px:color:#666;\">nali\u010dje<\/h3>\n<p>[\/vc_column_text][vc_separator color=&#8221;#999999&#8221; type=&#8221;normal&#8221; thickness=&#8221;1&#8221; up=&#8221;&#8221; down=&#8221;30&#8221;][vc_single_image image=&#8221;72836&#8221; img_size=&#8221;1300&#215;650&#8221; style=&#8221;zoooom&#8221; onclick=&#8221;link_image&#8221; css=&#8221;.vc_custom_1736888747881{margin-bottom: 22px !important;}&#8221;][\/vc_column][\/vc_row][vc_row type=&#8221;container&#8221; css=&#8221;.vc_custom_1737105111913{margin-bottom: 50px !important;}&#8221;][vc_column width=&#8221;1\/3&#8221;][vc_column_text css=&#8221;.vc_custom_1738921813833{margin-bottom: 10px !important;}&#8221;]<\/p>\n<h3 style=\"text-align: left; font-weight: 800;\">RUSTIK STANDARD<\/h3>\n<p>[\/vc_column_text][vc_separator color=&#8221;#999999&#8221; type=&#8221;normal&#8221; thickness=&#8221;1&#8221; up=&#8221;&#8221; down=&#8221;30&#8221;][vc_column_text css=&#8221;&#8221;]<strong>Kvalitet:<\/strong>\u00a0\u010dvorovi na obe strane pre\u010dnika do 70 mm, prisutnost pukotina du\u017e daske dopu\u0161teno je ali ograni\u010deno. Dopu\u0161tene su pukotine na \u010delima, ne du\u017ee od polovine \u0161irine. Prisutnost bjeljike na bo\u010dnim stranama i u ograni\u010denom dijelu na licima.<br \/>\n<strong>Debljina:<\/strong>\u00a026\/32\/38\/50 mm<br \/>\n<strong>\u0160irina:<\/strong>\u00a0od 120 mm i vi\u0161e (sa 10% od 100 do 110 mm)<br \/>\n<strong>Du\u017eina:<\/strong>\u00a0od 2100 mm i vi\u0161e[\/vc_column_text][\/vc_column][vc_column width=&#8221;1\/3&#8221;][vc_column_text css=&#8221;.vc_custom_1738921834844{margin-bottom: 10px !important;}&#8221;]<\/p>\n<h3 style=\"text-align: center; font-size: 20px:color:#666;\">lice<\/h3>\n<p>[\/vc_column_text][vc_separator color=&#8221;#999999&#8221; type=&#8221;normal&#8221; thickness=&#8221;1&#8221; up=&#8221;&#8221; down=&#8221;30&#8221;][vc_single_image image=&#8221;72839&#8221; img_size=&#8221;1300&#215;650&#8221; style=&#8221;zoooom&#8221; onclick=&#8221;link_image&#8221; css=&#8221;.vc_custom_1736888762539{margin-bottom: 22px !important;}&#8221;][\/vc_column][vc_column width=&#8221;1\/3&#8221;][vc_column_text css=&#8221;&#8221;]<\/p>\n<h3 style=\"text-align: center; font-size: 20px:color:#666;\">nali\u010dje<\/h3>\n<p>[\/vc_column_text][vc_separator color=&#8221;#999999&#8221; type=&#8221;normal&#8221; thickness=&#8221;1&#8221; up=&#8221;&#8221; down=&#8221;30&#8221;][vc_single_image image=&#8221;72842&#8221; img_size=&#8221;1300&#215;650&#8221; style=&#8221;zoooom&#8221; onclick=&#8221;link_image&#8221; css=&#8221;.vc_custom_1736888772670{margin-bottom: 22px !important;}&#8221;][\/vc_column][\/vc_row]<\/p>\n<\/div>","protected":false},"excerpt":{"rendered":"<p>[vc_row type=&#8221;container&#8221;][vc_column][vc_column_text css=&#8221;.vc_custom_1735640949519{margin-bottom: -10px !important;}&#8221;] Proizvodi [\/vc_column_text][vc_column_text css=&#8221;&#8221;] Evropsko drvo, za svjetsko tr\u017ei\u0161te. [\/vc_column_text][\/vc_column][\/vc_row][vc_row full_width=&#8221;stretch_row&#8221; parallax=&#8221;content-moving&#8221; parallax_image=&#8221;72332&#8221; type=&#8221;container&#8221;][vc_column][vc_column_text css=&#8221;.vc_custom_1738921534338{padding-top: 80px !important;padding-bottom: 100px !important;}&#8221; el_class=&#8221;white-text&#8221;] BUKVA [\/vc_column_text][\/vc_column][\/vc_row][vc_row full_width=&#8221;stretch_row&#8221; type=&#8221;container&#8221;][vc_column width=&#8221;1\/2&#8221;][vc_column_text css=&#8221;&#8221;] OP\u0160TI OPIS Boja bukve je svjetloru\u017ei\u010dasto-sme\u0111a. Tekstura je fina, a vlakna uglavnom ravna. Namjena:\u00a0stolice i namje\u0161taj uop\u0161te; plo\u010de, zakrivljene konture. Upotreba:\u00a0unutra\u0161nja[\/vc_column_text][\/vc_column][vc_column width=&#8221;1\/2&#8221;][vc_column_text css=&#8221;&#8221;] TEHNI\u010cKI OPIS [&hellip;]<\/p>\n","protected":false},"author":1,"featured_media":0,"parent":0,"menu_order":0,"comment_status":"closed","ping_status":"closed","template":"page-full-width.php","meta":{"_acf_changed":false,"footnotes":""},"class_list":["post-72649","page","type-page","status-publish","hentry"],"acf":[],"yoast_head":"<!-- This site is optimized with the Yoast SEO plugin v24.4 - https:\/\/yoast.com\/wordpress\/plugins\/seo\/ -->\n<title>Proizvodi - LIPA<\/title>\n<meta name=\"robots\" content=\"index, follow, max-snippet:-1, max-image-preview:large, max-video-preview:-1\" \/>\n<link rel=\"canonical\" href=\"https:\/\/www.lipadrvo.com\/bs\/proizvodi\/\" \/>\n<meta property=\"og:locale\" content=\"bs_BA\" \/>\n<meta property=\"og:type\" content=\"article\" \/>\n<meta property=\"og:title\" content=\"Proizvodi - LIPA\" \/>\n<meta property=\"og:description\" content=\"[vc_row type=&#8221;container&#8221;][vc_column][vc_column_text css=&#8221;.vc_custom_1735640949519{margin-bottom: -10px !important;}&#8221;] Proizvodi [\/vc_column_text][vc_column_text css=&#8221;&#8221;] Evropsko drvo, za svjetsko tr\u017ei\u0161te. [\/vc_column_text][\/vc_column][\/vc_row][vc_row full_width=&#8221;stretch_row&#8221; parallax=&#8221;content-moving&#8221; parallax_image=&#8221;72332&#8221; type=&#8221;container&#8221;][vc_column][vc_column_text css=&#8221;.vc_custom_1738921534338{padding-top: 80px !important;padding-bottom: 100px !important;}&#8221; el_class=&#8221;white-text&#8221;] BUKVA [\/vc_column_text][\/vc_column][\/vc_row][vc_row full_width=&#8221;stretch_row&#8221; type=&#8221;container&#8221;][vc_column width=&#8221;1\/2&#8221;][vc_column_text css=&#8221;&#8221;] OP\u0160TI OPIS Boja bukve je svjetloru\u017ei\u010dasto-sme\u0111a. Tekstura je fina, a vlakna uglavnom ravna. Namjena:\u00a0stolice i namje\u0161taj uop\u0161te; plo\u010de, zakrivljene konture. Upotreba:\u00a0unutra\u0161nja[\/vc_column_text][\/vc_column][vc_column width=&#8221;1\/2&#8221;][vc_column_text css=&#8221;&#8221;] TEHNI\u010cKI OPIS [&hellip;]\" \/>\n<meta property=\"og:url\" content=\"https:\/\/www.lipadrvo.com\/bs\/proizvodi\/\" \/>\n<meta property=\"og:site_name\" content=\"LIPA\" \/>\n<meta property=\"article:modified_time\" content=\"2025-02-27T14:57:21+00:00\" \/>\n<meta name=\"twitter:card\" content=\"summary_large_image\" \/>\n<meta name=\"twitter:label1\" content=\"Est. reading time\" \/>\n\t<meta name=\"twitter:data1\" content=\"7 minuta\" \/>\n<script type=\"application\/ld+json\" class=\"yoast-schema-graph\">{\"@context\":\"https:\/\/schema.org\",\"@graph\":[{\"@type\":\"WebPage\",\"@id\":\"https:\/\/www.lipadrvo.com\/bs\/proizvodi\/\",\"url\":\"https:\/\/www.lipadrvo.com\/bs\/proizvodi\/\",\"name\":\"Proizvodi - LIPA\",\"isPartOf\":{\"@id\":\"https:\/\/www.lipadrvo.com\/#website\"},\"datePublished\":\"2018-10-11T16:08:46+00:00\",\"dateModified\":\"2025-02-27T14:57:21+00:00\",\"breadcrumb\":{\"@id\":\"https:\/\/www.lipadrvo.com\/bs\/proizvodi\/#breadcrumb\"},\"inLanguage\":\"bs-BA\",\"potentialAction\":[{\"@type\":\"ReadAction\",\"target\":[\"https:\/\/www.lipadrvo.com\/bs\/proizvodi\/\"]}]},{\"@type\":\"BreadcrumbList\",\"@id\":\"https:\/\/www.lipadrvo.com\/bs\/proizvodi\/#breadcrumb\",\"itemListElement\":[{\"@type\":\"ListItem\",\"position\":1,\"name\":\"Home\",\"item\":\"https:\/\/www.lipadrvo.com\/bs\/\"},{\"@type\":\"ListItem\",\"position\":2,\"name\":\"Proizvodi\"}]},{\"@type\":\"WebSite\",\"@id\":\"https:\/\/www.lipadrvo.com\/#website\",\"url\":\"https:\/\/www.lipadrvo.com\/\",\"name\":\"LIPA\",\"description\":\"Rooted in quality and trust\",\"potentialAction\":[{\"@type\":\"SearchAction\",\"target\":{\"@type\":\"EntryPoint\",\"urlTemplate\":\"https:\/\/www.lipadrvo.com\/?s={search_term_string}\"},\"query-input\":{\"@type\":\"PropertyValueSpecification\",\"valueRequired\":true,\"valueName\":\"search_term_string\"}}],\"inLanguage\":\"bs-BA\"}]}<\/script>\n<!-- \/ Yoast SEO plugin. -->","yoast_head_json":{"title":"Proizvodi - LIPA","robots":{"index":"index","follow":"follow","max-snippet":"max-snippet:-1","max-image-preview":"max-image-preview:large","max-video-preview":"max-video-preview:-1"},"canonical":"https:\/\/www.lipadrvo.com\/bs\/proizvodi\/","og_locale":"bs_BA","og_type":"article","og_title":"Proizvodi - LIPA","og_description":"[vc_row type=&#8221;container&#8221;][vc_column][vc_column_text css=&#8221;.vc_custom_1735640949519{margin-bottom: -10px !important;}&#8221;] Proizvodi [\/vc_column_text][vc_column_text css=&#8221;&#8221;] Evropsko drvo, za svjetsko tr\u017ei\u0161te. [\/vc_column_text][\/vc_column][\/vc_row][vc_row full_width=&#8221;stretch_row&#8221; parallax=&#8221;content-moving&#8221; parallax_image=&#8221;72332&#8221; type=&#8221;container&#8221;][vc_column][vc_column_text css=&#8221;.vc_custom_1738921534338{padding-top: 80px !important;padding-bottom: 100px !important;}&#8221; el_class=&#8221;white-text&#8221;] BUKVA [\/vc_column_text][\/vc_column][\/vc_row][vc_row full_width=&#8221;stretch_row&#8221; type=&#8221;container&#8221;][vc_column width=&#8221;1\/2&#8221;][vc_column_text css=&#8221;&#8221;] OP\u0160TI OPIS Boja bukve je svjetloru\u017ei\u010dasto-sme\u0111a. Tekstura je fina, a vlakna uglavnom ravna. Namjena:\u00a0stolice i namje\u0161taj uop\u0161te; plo\u010de, zakrivljene konture. Upotreba:\u00a0unutra\u0161nja[\/vc_column_text][\/vc_column][vc_column width=&#8221;1\/2&#8221;][vc_column_text css=&#8221;&#8221;] TEHNI\u010cKI OPIS [&hellip;]","og_url":"https:\/\/www.lipadrvo.com\/bs\/proizvodi\/","og_site_name":"LIPA","article_modified_time":"2025-02-27T14:57:21+00:00","twitter_card":"summary_large_image","twitter_misc":{"Est. reading time":"7 minuta"},"schema":{"@context":"https:\/\/schema.org","@graph":[{"@type":"WebPage","@id":"https:\/\/www.lipadrvo.com\/bs\/proizvodi\/","url":"https:\/\/www.lipadrvo.com\/bs\/proizvodi\/","name":"Proizvodi - LIPA","isPartOf":{"@id":"https:\/\/www.lipadrvo.com\/#website"},"datePublished":"2018-10-11T16:08:46+00:00","dateModified":"2025-02-27T14:57:21+00:00","breadcrumb":{"@id":"https:\/\/www.lipadrvo.com\/bs\/proizvodi\/#breadcrumb"},"inLanguage":"bs-BA","potentialAction":[{"@type":"ReadAction","target":["https:\/\/www.lipadrvo.com\/bs\/proizvodi\/"]}]},{"@type":"BreadcrumbList","@id":"https:\/\/www.lipadrvo.com\/bs\/proizvodi\/#breadcrumb","itemListElement":[{"@type":"ListItem","position":1,"name":"Home","item":"https:\/\/www.lipadrvo.com\/bs\/"},{"@type":"ListItem","position":2,"name":"Proizvodi"}]},{"@type":"WebSite","@id":"https:\/\/www.lipadrvo.com\/#website","url":"https:\/\/www.lipadrvo.com\/","name":"LIPA","description":"Rooted in quality and trust","potentialAction":[{"@type":"SearchAction","target":{"@type":"EntryPoint","urlTemplate":"https:\/\/www.lipadrvo.com\/?s={search_term_string}"},"query-input":{"@type":"PropertyValueSpecification","valueRequired":true,"valueName":"search_term_string"}}],"inLanguage":"bs-BA"}]}},"_links":{"self":[{"href":"https:\/\/www.lipadrvo.com\/bs\/wp-json\/wp\/v2\/pages\/72649","targetHints":{"allow":["GET"]}}],"collection":[{"href":"https:\/\/www.lipadrvo.com\/bs\/wp-json\/wp\/v2\/pages"}],"about":[{"href":"https:\/\/www.lipadrvo.com\/bs\/wp-json\/wp\/v2\/types\/page"}],"author":[{"embeddable":true,"href":"https:\/\/www.lipadrvo.com\/bs\/wp-json\/wp\/v2\/users\/1"}],"replies":[{"embeddable":true,"href":"https:\/\/www.lipadrvo.com\/bs\/wp-json\/wp\/v2\/comments?post=72649"}],"version-history":[{"count":8,"href":"https:\/\/www.lipadrvo.com\/bs\/wp-json\/wp\/v2\/pages\/72649\/revisions"}],"predecessor-version":[{"id":73044,"href":"https:\/\/www.lipadrvo.com\/bs\/wp-json\/wp\/v2\/pages\/72649\/revisions\/73044"}],"wp:attachment":[{"href":"https:\/\/www.lipadrvo.com\/bs\/wp-json\/wp\/v2\/media?parent=72649"}],"curies":[{"name":"wp","href":"https:\/\/api.w.org\/{rel}","templated":true}]}}