{"id":72656,"date":"2016-03-25T15:51:20","date_gmt":"2016-03-25T13:51:20","guid":{"rendered":"https:\/\/www.lipadrvo.com\/proizvodi\/beech\/"},"modified":"2019-11-15T08:02:35","modified_gmt":"2019-11-15T06:02:35","slug":"beech","status":"publish","type":"page","link":"https:\/\/www.lipadrvo.com\/bs\/proizvodi\/beech\/","title":{"rendered":"Bukva"},"content":{"rendered":"<div class=\"wpb-content-wrapper\"><p>[vc_row type=&#8221;container&#8221;][vc_column][vc_column_text css=&#8221;.vc_custom_1573797464278{margin-bottom: -10px !important;}&#8221;]<\/p>\n<h1 style=\"text-align: left;\">Bukva<\/h1>\n<p>[\/vc_column_text][vc_column_text]<\/p>\n<h4 style=\"text-align: left;\"><span style=\"color: #999999;\">LIPA proizvodi<\/span><\/h4>\n<p>[\/vc_column_text][\/vc_column][\/vc_row][vc_row type=&#8221;container&#8221; el_class=&#8221;contained&#8221;][vc_column][vc_separator color=&#8221;#eeeeee&#8221; type=&#8221;normal&#8221; thickness=&#8221;1&#8221; up=&#8221;&#8221; down=&#8221;30&#8221;][\/vc_column][\/vc_row][vc_row type=&#8221;container&#8221;][vc_column width=&#8221;1\/2&#8221;][vc_column_text]<\/p>\n<h3>OP\u0160TI OPIS<\/h3>\n<p>Boja bukve je svjetloru\u017ei\u010dasto-sme\u0111a. Tekstura je fina, a vlakna uglavnom ravna.<strong><br \/>\nNamjena:<\/strong> stolice i namje\u0161taj uop\u0161te; plo\u010de, zakrivljene konture.<br \/>\n<strong>Upotreba:<\/strong> unutra\u0161nja[\/vc_column_text][\/vc_column][vc_column width=&#8221;1\/2&#8221;][vc_column_text]<\/p>\n<h3>TEHNI\u010cKI OPIS<\/h3>\n<p><strong>Porijeklo:<\/strong> Bosna i Hercegovina<br \/>\n<strong>Proizvodnja:<\/strong> su\u0161eno na 12 +\/- 2%, oblano po bo\u010dnim stranama, blago pareno (8 sati)<br \/>\n<strong>Debljina:<\/strong> 26 mm &#8211; 32 mm * &#8211; 38 mm &#8211; 50 mm &#8211; 60 mm * (stvarna debljina u prodaji nakon su\u0161enja)<\/p>\n<p>* Ograni\u010dena raspolo\u017eivost<br \/>\n[\/vc_column_text][\/vc_column][\/vc_row][vc_row type=&#8221;container&#8221;][vc_column][vc_column_text css=&#8221;.vc_custom_1573797550360{margin-bottom: 10px !important;}&#8221;]<\/p>\n<h3>A KLASA<\/h3>\n<p>[\/vc_column_text][vc_separator color=&#8221;#999999&#8221; type=&#8221;normal&#8221; thickness=&#8221;1&#8221; up=&#8221;&#8221; down=&#8221;30&#8221;][vc_row_inner][vc_column_inner width=&#8221;1\/6&#8221;][vc_single_image image=&#8221;71968&#8221; img_size=&#8221;full&#8221; style=&#8221;zoooom&#8221; onclick=&#8221;link_image&#8221; css=&#8221;.vc_custom_1540151594604{margin-bottom: 22px !important;}&#8221;][vc_column_text]<\/p>\n<p style=\"text-align: center;\"><span style=\"color: #999999;\">lice<\/span><\/p>\n<p>[\/vc_column_text][\/vc_column_inner][vc_column_inner width=&#8221;1\/6&#8221;][vc_single_image image=&#8221;71970&#8221; img_size=&#8221;full&#8221; style=&#8221;zoooom&#8221; onclick=&#8221;link_image&#8221; css=&#8221;.vc_custom_1540151620526{margin-bottom: 22px !important;}&#8221;][vc_column_text]<\/p>\n<p style=\"text-align: center;\"><span style=\"color: #999999;\">nali\u010dje<\/span><\/p>\n<p>[\/vc_column_text][\/vc_column_inner][vc_column_inner width=&#8221;2\/3&#8221;][vc_column_text]<strong>Kvalitet:<\/strong> 90% 4 strane \u010diste 10% 3 strane \u010diste<br \/>\n<strong>Debljina:<\/strong> 26\/32\/38\/50\/60 mm<br \/>\n<strong>\u0160irina:<\/strong> 120 mm i vi\u0161e (10% od 100 do 110 mm)<br \/>\n<strong>Du\u017eina:<\/strong> 2100 mm i vi\u0161e<\/p>\n<p><strong>Tako\u0111e dostupno u:<\/strong> kratka (1000-2000mm) \/ super kratka (300-900mm)[\/vc_column_text][\/vc_column_inner][\/vc_row_inner][\/vc_column][\/vc_row][vc_row type=&#8221;container&#8221;][vc_column][vc_column_text css=&#8221;.vc_custom_1573797593296{margin-bottom: 10px !important;}&#8221;]<\/p>\n<h3>B KLASA<\/h3>\n<p>[\/vc_column_text][vc_separator color=&#8221;#999999&#8221; type=&#8221;normal&#8221; thickness=&#8221;1&#8221; up=&#8221;&#8221; down=&#8221;30&#8221;][vc_row_inner][vc_column_inner width=&#8221;1\/6&#8221;][vc_single_image image=&#8221;71956&#8221; img_size=&#8221;full&#8221; style=&#8221;zoooom&#8221; onclick=&#8221;link_image&#8221; css=&#8221;.vc_custom_1540152138701{margin-bottom: 22px !important;}&#8221;][vc_column_text]<\/p>\n<p style=\"text-align: center;\"><span style=\"color: #999999;\">lice<\/span><\/p>\n<p>[\/vc_column_text][\/vc_column_inner][vc_column_inner width=&#8221;1\/6&#8221;][vc_single_image image=&#8221;71958&#8221; img_size=&#8221;full&#8221; style=&#8221;zoooom&#8221; onclick=&#8221;link_image&#8221; css=&#8221;.vc_custom_1540152155675{margin-bottom: 22px !important;}&#8221;][vc_column_text]<\/p>\n<p style=\"text-align: center;\"><span style=\"color: #999999;\">nali\u010dje<\/span><\/p>\n<p>[\/vc_column_text][\/vc_column_inner][vc_column_inner width=&#8221;2\/3&#8221;][vc_column_text]<strong>Kvalitet:<\/strong> 100% s 3 strane \u010diste<br \/>\n<strong>Debljina:<\/strong> 38\/50 mm<br \/>\n<strong>\u0160irina:<\/strong> 120 mm i vi\u0161e s 10% od 100 do 110 mm<br \/>\n<strong>Du\u017eina:<\/strong> 2100 mm i vi\u0161e[\/vc_column_text][\/vc_column_inner][\/vc_row_inner][\/vc_column][\/vc_row][vc_row type=&#8221;container&#8221;][vc_column][vc_column_text css=&#8221;.vc_custom_1540186120332{margin-bottom: 10px !important;}&#8221;]<\/p>\n<h3>INDUSTRIAL<\/h3>\n<p>[\/vc_column_text][vc_separator color=&#8221;#999999&#8221; type=&#8221;normal&#8221; thickness=&#8221;1&#8221; up=&#8221;&#8221; down=&#8221;30&#8221;][vc_row_inner][vc_column_inner width=&#8221;1\/6&#8221;][vc_single_image image=&#8221;71972&#8221; img_size=&#8221;full&#8221; style=&#8221;zoooom&#8221; onclick=&#8221;link_image&#8221; css=&#8221;.vc_custom_1540186141989{margin-bottom: 22px !important;}&#8221;][vc_column_text]<\/p>\n<p style=\"text-align: center;\"><span style=\"color: #999999;\">lice<\/span><\/p>\n<p>[\/vc_column_text][\/vc_column_inner][vc_column_inner width=&#8221;1\/6&#8221;][vc_single_image image=&#8221;71974&#8221; img_size=&#8221;full&#8221; style=&#8221;zoooom&#8221; onclick=&#8221;link_image&#8221; css=&#8221;.vc_custom_1540186158150{margin-bottom: 22px !important;}&#8221;][vc_column_text]<\/p>\n<p style=\"text-align: center;\"><span style=\"color: #999999;\">nali\u010dje<\/span><\/p>\n<p>[\/vc_column_text][\/vc_column_inner][vc_column_inner width=&#8221;2\/3&#8221;][vc_column_text]<strong>Kvalitet:<\/strong> \u010dvorovi na obe strane, zdravo srce<br \/>\n<strong>Debljina:<\/strong> 26\/38\/50 mm<br \/>\n<strong>\u0160irina:<\/strong> 100 mm +<br \/>\n<strong>Du\u017eina:<\/strong> 2100 mm i vi\u0161e<\/p>\n<p>Neprobijaju\u0107i i probijaju\u0107i \u010dvorovi s obe strane sa povr\u0161inama bez uporednih gre\u0161aka na obe strane.[\/vc_column_text][\/vc_column_inner][\/vc_row_inner][\/vc_column][\/vc_row][vc_row type=&#8221;container&#8221;][vc_column][vc_btn title=&#8221;Nazad&#8221; style=&#8221;custom&#8221; custom_background=&#8221;#cf112d&#8221; custom_text=&#8221;#ffffff&#8221; size=&#8221;sm&#8221; align=&#8221;center&#8221; link=&#8221;url:%2Fbs%2Fproizvodi%2F|||&#8221;][\/vc_column][\/vc_row]<\/p>\n<\/div>","protected":false},"excerpt":{"rendered":"<p>[vc_row type=&#8221;container&#8221;][vc_column][vc_column_text css=&#8221;.vc_custom_1573797464278{margin-bottom: -10px !important;}&#8221;] Bukva [\/vc_column_text][vc_column_text] LIPA proizvodi [\/vc_column_text][\/vc_column][\/vc_row][vc_row type=&#8221;container&#8221; el_class=&#8221;contained&#8221;][vc_column][vc_separator color=&#8221;#eeeeee&#8221; type=&#8221;normal&#8221; thickness=&#8221;1&#8221; up=&#8221;&#8221; down=&#8221;30&#8221;][\/vc_column][\/vc_row][vc_row type=&#8221;container&#8221;][vc_column width=&#8221;1\/2&#8221;][vc_column_text] OP\u0160TI OPIS Boja bukve je svjetloru\u017ei\u010dasto-sme\u0111a. Tekstura je fina, a vlakna uglavnom ravna. Namjena: stolice i namje\u0161taj uop\u0161te; plo\u010de, zakrivljene konture. Upotreba: unutra\u0161nja[\/vc_column_text][\/vc_column][vc_column width=&#8221;1\/2&#8221;][vc_column_text] TEHNI\u010cKI OPIS Porijeklo: Bosna i Hercegovina Proizvodnja: su\u0161eno na 12 +\/- 2%, [&hellip;]<\/p>\n","protected":false},"author":1,"featured_media":0,"parent":72649,"menu_order":0,"comment_status":"closed","ping_status":"closed","template":"page-full-width.php","meta":{"_acf_changed":false,"footnotes":""},"class_list":["post-72656","page","type-page","status-publish","hentry"],"acf":[],"yoast_head":"<!-- This site is optimized with the Yoast SEO plugin v24.4 - https:\/\/yoast.com\/wordpress\/plugins\/seo\/ -->\n<title>Bukva - LIPA<\/title>\n<meta name=\"robots\" content=\"index, follow, max-snippet:-1, max-image-preview:large, max-video-preview:-1\" \/>\n<link rel=\"canonical\" href=\"https:\/\/www.lipadrvo.com\/bs\/proizvodi\/beech\/\" \/>\n<meta property=\"og:locale\" content=\"bs_BA\" \/>\n<meta property=\"og:type\" content=\"article\" \/>\n<meta property=\"og:title\" content=\"Bukva - LIPA\" \/>\n<meta property=\"og:description\" content=\"[vc_row type=&#8221;container&#8221;][vc_column][vc_column_text css=&#8221;.vc_custom_1573797464278{margin-bottom: -10px !important;}&#8221;] Bukva [\/vc_column_text][vc_column_text] LIPA proizvodi [\/vc_column_text][\/vc_column][\/vc_row][vc_row type=&#8221;container&#8221; el_class=&#8221;contained&#8221;][vc_column][vc_separator color=&#8221;#eeeeee&#8221; type=&#8221;normal&#8221; thickness=&#8221;1&#8221; up=&#8221;&#8221; down=&#8221;30&#8221;][\/vc_column][\/vc_row][vc_row type=&#8221;container&#8221;][vc_column width=&#8221;1\/2&#8221;][vc_column_text] OP\u0160TI OPIS Boja bukve je svjetloru\u017ei\u010dasto-sme\u0111a. Tekstura je fina, a vlakna uglavnom ravna. Namjena: stolice i namje\u0161taj uop\u0161te; plo\u010de, zakrivljene konture. Upotreba: unutra\u0161nja[\/vc_column_text][\/vc_column][vc_column width=&#8221;1\/2&#8221;][vc_column_text] TEHNI\u010cKI OPIS Porijeklo: Bosna i Hercegovina Proizvodnja: su\u0161eno na 12 +\/- 2%, [&hellip;]\" \/>\n<meta property=\"og:url\" content=\"https:\/\/www.lipadrvo.com\/bs\/proizvodi\/beech\/\" \/>\n<meta property=\"og:site_name\" content=\"LIPA\" \/>\n<meta property=\"article:modified_time\" content=\"2019-11-15T06:02:35+00:00\" \/>\n<meta name=\"twitter:card\" content=\"summary_large_image\" \/>\n<meta name=\"twitter:label1\" content=\"Est. reading time\" \/>\n\t<meta name=\"twitter:data1\" content=\"3 minute\" \/>\n<script type=\"application\/ld+json\" class=\"yoast-schema-graph\">{\"@context\":\"https:\/\/schema.org\",\"@graph\":[{\"@type\":\"WebPage\",\"@id\":\"https:\/\/www.lipadrvo.com\/bs\/proizvodi\/beech\/\",\"url\":\"https:\/\/www.lipadrvo.com\/bs\/proizvodi\/beech\/\",\"name\":\"Bukva - LIPA\",\"isPartOf\":{\"@id\":\"https:\/\/www.lipadrvo.com\/#website\"},\"datePublished\":\"2016-03-25T13:51:20+00:00\",\"dateModified\":\"2019-11-15T06:02:35+00:00\",\"breadcrumb\":{\"@id\":\"https:\/\/www.lipadrvo.com\/bs\/proizvodi\/beech\/#breadcrumb\"},\"inLanguage\":\"bs-BA\",\"potentialAction\":[{\"@type\":\"ReadAction\",\"target\":[\"https:\/\/www.lipadrvo.com\/bs\/proizvodi\/beech\/\"]}]},{\"@type\":\"BreadcrumbList\",\"@id\":\"https:\/\/www.lipadrvo.com\/bs\/proizvodi\/beech\/#breadcrumb\",\"itemListElement\":[{\"@type\":\"ListItem\",\"position\":1,\"name\":\"Home\",\"item\":\"https:\/\/www.lipadrvo.com\/bs\/\"},{\"@type\":\"ListItem\",\"position\":2,\"name\":\"Proizvodi\",\"item\":\"https:\/\/www.lipadrvo.com\/bs\/proizvodi\/\"},{\"@type\":\"ListItem\",\"position\":3,\"name\":\"Bukva\"}]},{\"@type\":\"WebSite\",\"@id\":\"https:\/\/www.lipadrvo.com\/#website\",\"url\":\"https:\/\/www.lipadrvo.com\/\",\"name\":\"LIPA\",\"description\":\"Rooted in quality and trust\",\"potentialAction\":[{\"@type\":\"SearchAction\",\"target\":{\"@type\":\"EntryPoint\",\"urlTemplate\":\"https:\/\/www.lipadrvo.com\/?s={search_term_string}\"},\"query-input\":{\"@type\":\"PropertyValueSpecification\",\"valueRequired\":true,\"valueName\":\"search_term_string\"}}],\"inLanguage\":\"bs-BA\"}]}<\/script>\n<!-- \/ Yoast SEO plugin. -->","yoast_head_json":{"title":"Bukva - LIPA","robots":{"index":"index","follow":"follow","max-snippet":"max-snippet:-1","max-image-preview":"max-image-preview:large","max-video-preview":"max-video-preview:-1"},"canonical":"https:\/\/www.lipadrvo.com\/bs\/proizvodi\/beech\/","og_locale":"bs_BA","og_type":"article","og_title":"Bukva - LIPA","og_description":"[vc_row type=&#8221;container&#8221;][vc_column][vc_column_text css=&#8221;.vc_custom_1573797464278{margin-bottom: -10px !important;}&#8221;] Bukva [\/vc_column_text][vc_column_text] LIPA proizvodi [\/vc_column_text][\/vc_column][\/vc_row][vc_row type=&#8221;container&#8221; el_class=&#8221;contained&#8221;][vc_column][vc_separator color=&#8221;#eeeeee&#8221; type=&#8221;normal&#8221; thickness=&#8221;1&#8221; up=&#8221;&#8221; down=&#8221;30&#8221;][\/vc_column][\/vc_row][vc_row type=&#8221;container&#8221;][vc_column width=&#8221;1\/2&#8221;][vc_column_text] OP\u0160TI OPIS Boja bukve je svjetloru\u017ei\u010dasto-sme\u0111a. Tekstura je fina, a vlakna uglavnom ravna. Namjena: stolice i namje\u0161taj uop\u0161te; plo\u010de, zakrivljene konture. Upotreba: unutra\u0161nja[\/vc_column_text][\/vc_column][vc_column width=&#8221;1\/2&#8221;][vc_column_text] TEHNI\u010cKI OPIS Porijeklo: Bosna i Hercegovina Proizvodnja: su\u0161eno na 12 +\/- 2%, [&hellip;]","og_url":"https:\/\/www.lipadrvo.com\/bs\/proizvodi\/beech\/","og_site_name":"LIPA","article_modified_time":"2019-11-15T06:02:35+00:00","twitter_card":"summary_large_image","twitter_misc":{"Est. reading time":"3 minute"},"schema":{"@context":"https:\/\/schema.org","@graph":[{"@type":"WebPage","@id":"https:\/\/www.lipadrvo.com\/bs\/proizvodi\/beech\/","url":"https:\/\/www.lipadrvo.com\/bs\/proizvodi\/beech\/","name":"Bukva - LIPA","isPartOf":{"@id":"https:\/\/www.lipadrvo.com\/#website"},"datePublished":"2016-03-25T13:51:20+00:00","dateModified":"2019-11-15T06:02:35+00:00","breadcrumb":{"@id":"https:\/\/www.lipadrvo.com\/bs\/proizvodi\/beech\/#breadcrumb"},"inLanguage":"bs-BA","potentialAction":[{"@type":"ReadAction","target":["https:\/\/www.lipadrvo.com\/bs\/proizvodi\/beech\/"]}]},{"@type":"BreadcrumbList","@id":"https:\/\/www.lipadrvo.com\/bs\/proizvodi\/beech\/#breadcrumb","itemListElement":[{"@type":"ListItem","position":1,"name":"Home","item":"https:\/\/www.lipadrvo.com\/bs\/"},{"@type":"ListItem","position":2,"name":"Proizvodi","item":"https:\/\/www.lipadrvo.com\/bs\/proizvodi\/"},{"@type":"ListItem","position":3,"name":"Bukva"}]},{"@type":"WebSite","@id":"https:\/\/www.lipadrvo.com\/#website","url":"https:\/\/www.lipadrvo.com\/","name":"LIPA","description":"Rooted in quality and trust","potentialAction":[{"@type":"SearchAction","target":{"@type":"EntryPoint","urlTemplate":"https:\/\/www.lipadrvo.com\/?s={search_term_string}"},"query-input":{"@type":"PropertyValueSpecification","valueRequired":true,"valueName":"search_term_string"}}],"inLanguage":"bs-BA"}]}},"_links":{"self":[{"href":"https:\/\/www.lipadrvo.com\/bs\/wp-json\/wp\/v2\/pages\/72656","targetHints":{"allow":["GET"]}}],"collection":[{"href":"https:\/\/www.lipadrvo.com\/bs\/wp-json\/wp\/v2\/pages"}],"about":[{"href":"https:\/\/www.lipadrvo.com\/bs\/wp-json\/wp\/v2\/types\/page"}],"author":[{"embeddable":true,"href":"https:\/\/www.lipadrvo.com\/bs\/wp-json\/wp\/v2\/users\/1"}],"replies":[{"embeddable":true,"href":"https:\/\/www.lipadrvo.com\/bs\/wp-json\/wp\/v2\/comments?post=72656"}],"version-history":[{"count":4,"href":"https:\/\/www.lipadrvo.com\/bs\/wp-json\/wp\/v2\/pages\/72656\/revisions"}],"predecessor-version":[{"id":72682,"href":"https:\/\/www.lipadrvo.com\/bs\/wp-json\/wp\/v2\/pages\/72656\/revisions\/72682"}],"up":[{"embeddable":true,"href":"https:\/\/www.lipadrvo.com\/bs\/wp-json\/wp\/v2\/pages\/72649"}],"wp:attachment":[{"href":"https:\/\/www.lipadrvo.com\/bs\/wp-json\/wp\/v2\/media?parent=72656"}],"curies":[{"name":"wp","href":"https:\/\/api.w.org\/{rel}","templated":true}]}}