{"id":72661,"date":"2018-10-22T07:41:43","date_gmt":"2018-10-22T05:41:43","guid":{"rendered":"https:\/\/www.lipadrvo.com\/proizvodi\/oak\/"},"modified":"2019-11-15T08:07:35","modified_gmt":"2019-11-15T06:07:35","slug":"oak","status":"publish","type":"page","link":"https:\/\/www.lipadrvo.com\/bs\/proizvodi\/oak\/","title":{"rendered":"Hrast"},"content":{"rendered":"<div class=\"wpb-content-wrapper\"><p>[vc_row type=&#8221;container&#8221;][vc_column][vc_column_text css=&#8221;.vc_custom_1573797842097{margin-bottom: -10px !important;}&#8221;]<\/p>\n<h1 style=\"text-align: left;\">Hrast<\/h1>\n<p>[\/vc_column_text][vc_column_text]<\/p>\n<h4 style=\"text-align: left;\"><span style=\"color: #999999;\">LIPA proizvodi<\/span><\/h4>\n<p>[\/vc_column_text][\/vc_column][\/vc_row][vc_row type=&#8221;container&#8221; el_class=&#8221;contained&#8221;][vc_column][vc_separator color=&#8221;#eeeeee&#8221; type=&#8221;normal&#8221; thickness=&#8221;1&#8221; up=&#8221;&#8221; down=&#8221;30&#8221;][\/vc_column][\/vc_row][vc_row type=&#8221;container&#8221;][vc_column width=&#8221;1\/2&#8221;][vc_column_text]<\/p>\n<h3>OP\u0160TI OPIS<\/h3>\n<p>Drvo je svjetlosme\u0111e boje, vlakno prelazi iz ravnog u nepravilno i ukr\u0161teno, zavisno od uslova rasta. Kod radijalnih rezova, prepoznatljivi srebrnasti oblici.<br \/>\n<strong>Namjena:<\/strong> namje\u0161taj, stolarija visokog kvaliteta, ba\u010dve za vino, pivo i konjak, kutije.<br \/>\n<strong>Upotreba:<\/strong> unutra\u0161nja i vanjska[\/vc_column_text][\/vc_column][vc_column width=&#8221;1\/2&#8221;][vc_column_text]<\/p>\n<h3>TEHNI\u010cKI OPIS<\/h3>\n<p><strong>Porijeklo:<\/strong> Bosna i Hrvatska<br \/>\n<strong>Proizvodnja:<\/strong> su\u0161eno na 12 +\/- 2%,<br \/>\n<strong>Debljina:<\/strong> 26 mm &#8211; 32 mm &#8211; 38 mm &#8211; 50 mm &#8211; 63 mm (stvarna debljina nakon su\u0161enja)[\/vc_column_text][\/vc_column][\/vc_row][vc_row type=&#8221;container&#8221;][vc_column][vc_column_text css=&#8221;.vc_custom_1540187010558{margin-bottom: 10px !important;}&#8221;]<\/p>\n<h3>PRIME<\/h3>\n<p>[\/vc_column_text][vc_separator color=&#8221;#999999&#8221; type=&#8221;normal&#8221; thickness=&#8221;1&#8221; up=&#8221;&#8221; down=&#8221;30&#8221;][vc_row_inner][vc_column_inner width=&#8221;1\/6&#8221;][vc_single_image image=&#8221;72000&#8221; img_size=&#8221;full&#8221; style=&#8221;zoooom&#8221; onclick=&#8221;link_image&#8221; css=&#8221;.vc_custom_1540187040571{margin-bottom: 22px !important;}&#8221;][vc_column_text]<\/p>\n<p style=\"text-align: center;\"><span style=\"color: #999999;\">lice<\/span><\/p>\n<p>[\/vc_column_text][\/vc_column_inner][vc_column_inner width=&#8221;1\/6&#8221;][vc_single_image image=&#8221;72002&#8221; img_size=&#8221;full&#8221; style=&#8221;zoooom&#8221; onclick=&#8221;link_image&#8221; css=&#8221;.vc_custom_1540187050509{margin-bottom: 22px !important;}&#8221;][vc_column_text]<\/p>\n<p style=\"text-align: center;\"><span style=\"color: #999999;\">nali\u010dje<\/span><\/p>\n<p>[\/vc_column_text][\/vc_column_inner][vc_column_inner width=&#8221;2\/3&#8221;][vc_column_text]<strong>Kvalitet:<\/strong> 90% 4 strane \u010diste 10% 3 strane \u010diste<br \/>\n<strong>Debljina:<\/strong> 26\/32\/38\/50 mm<br \/>\n<strong>\u0160irina:<\/strong> 120 mm i vi\u0161e (sa 10% od 100 mm do 110 mm)<br \/>\n<strong>Du\u017eina:<\/strong> 2100 mm i vi\u0161e<\/p>\n<p><strong>Tako\u0111e dostupno u:<\/strong> kratka (1000-2000mm) \/ super kratka (300-900mm)[\/vc_column_text][\/vc_column_inner][\/vc_row_inner][\/vc_column][\/vc_row][vc_row type=&#8221;container&#8221;][vc_column][vc_column_text css=&#8221;.vc_custom_1573797994916{margin-bottom: 10px !important;}&#8221;]<\/p>\n<h3>RUSTIK PLUS<\/h3>\n<p>[\/vc_column_text][vc_separator color=&#8221;#999999&#8221; type=&#8221;normal&#8221; thickness=&#8221;1&#8221; up=&#8221;&#8221; down=&#8221;30&#8221;][vc_row_inner][vc_column_inner width=&#8221;1\/6&#8221;][vc_single_image image=&#8221;72004&#8221; img_size=&#8221;full&#8221; style=&#8221;zoooom&#8221; onclick=&#8221;link_image&#8221; css=&#8221;.vc_custom_1540187223030{margin-bottom: 22px !important;}&#8221;][vc_column_text]<\/p>\n<p style=\"text-align: center;\"><span style=\"color: #999999;\">lice<\/span><\/p>\n<p>[\/vc_column_text][\/vc_column_inner][vc_column_inner width=&#8221;1\/6&#8221;][vc_single_image image=&#8221;72006&#8221; img_size=&#8221;full&#8221; style=&#8221;zoooom&#8221; onclick=&#8221;link_image&#8221; css=&#8221;.vc_custom_1540187233056{margin-bottom: 22px !important;}&#8221;][vc_column_text]<\/p>\n<p style=\"text-align: center;\"><span style=\"color: #999999;\">nali\u010dje<\/span><\/p>\n<p>[\/vc_column_text][\/vc_column_inner][vc_column_inner width=&#8221;2\/3&#8221;][vc_column_text]<strong>Kvalitet:<\/strong> dopu\u0161teni su \u010dvorovi na obe strane, do 30 mm; uglavnom zdravi \u010dvorovi, sr\u010dani dijelovi nisu dopu\u0161teni, velike sredi\u0161nje pukotine i rascjepi nisu dopu\u0161teni. Minimalna prisutnost malih pukotina na \u010delima i ograni\u010dena prisutnost bjeljike.<br \/>\n<strong>Debljina:<\/strong> 26\/32\/38\/50 mm<br \/>\n<strong>\u0160irina:<\/strong> od 120 mm i vi\u0161e (sa 10% od 100 do 110 mm)<br \/>\n<strong>Du\u017eina:<\/strong> od 2100 mm i vi\u0161e[\/vc_column_text][\/vc_column_inner][\/vc_row_inner][\/vc_column][\/vc_row][vc_row type=&#8221;container&#8221;][vc_column][vc_column_text css=&#8221;.vc_custom_1573798015539{margin-bottom: 10px !important;}&#8221;]<\/p>\n<h3>RUSTIK STANDARD<\/h3>\n<p>[\/vc_column_text][vc_separator color=&#8221;#999999&#8221; type=&#8221;normal&#8221; thickness=&#8221;1&#8221; up=&#8221;&#8221; down=&#8221;30&#8221;][vc_row_inner][vc_column_inner width=&#8221;1\/6&#8221;][vc_single_image image=&#8221;72008&#8221; img_size=&#8221;full&#8221; style=&#8221;zoooom&#8221; onclick=&#8221;link_image&#8221; css=&#8221;.vc_custom_1540187351292{margin-bottom: 22px !important;}&#8221;][vc_column_text]<\/p>\n<p style=\"text-align: center;\"><span style=\"color: #999999;\">lice<\/span><\/p>\n<p>[\/vc_column_text][\/vc_column_inner][vc_column_inner width=&#8221;1\/6&#8221;][vc_single_image image=&#8221;72010&#8221; img_size=&#8221;full&#8221; style=&#8221;zoooom&#8221; onclick=&#8221;link_image&#8221; css=&#8221;.vc_custom_1540187360806{margin-bottom: 22px !important;}&#8221;][vc_column_text]<\/p>\n<p style=\"text-align: center;\"><span style=\"color: #999999;\">nali\u010dje<\/span><\/p>\n<p>[\/vc_column_text][\/vc_column_inner][vc_column_inner width=&#8221;2\/3&#8221;][vc_column_text]<strong>Kvalitet:<\/strong> \u010dvorovi na obe strane pre\u010dnika do 70 mm, prisutnost pukotina du\u017e daske dopu\u0161teno je ali ograni\u010deno. Dopu\u0161tene su pukotine na \u010delima, ne du\u017ee od polovine \u0161irine. Prisutnost bjeljike na bo\u010dnim stranama i u ograni\u010denom dijelu na licima.<br \/>\n<strong>Debljina:<\/strong> 26\/32\/38\/50 mm<br \/>\n<strong>\u0160irina:<\/strong> od 120 mm i vi\u0161e (sa 10% od 100 do 110 mm)<br \/>\n<strong>Du\u017eina:<\/strong> od 2100 mm i vi\u0161e[\/vc_column_text][\/vc_column_inner][\/vc_row_inner][\/vc_column][\/vc_row][vc_row type=&#8221;container&#8221;][vc_column][vc_btn title=&#8221;Nazad&#8221; style=&#8221;custom&#8221; custom_background=&#8221;#cf112d&#8221; custom_text=&#8221;#ffffff&#8221; size=&#8221;sm&#8221; align=&#8221;center&#8221; link=&#8221;url:%2Fbs%2Fproizvodi%2F|||&#8221;][\/vc_column][\/vc_row]<\/p>\n<\/div>","protected":false},"excerpt":{"rendered":"<p>[vc_row type=&#8221;container&#8221;][vc_column][vc_column_text css=&#8221;.vc_custom_1573797842097{margin-bottom: -10px !important;}&#8221;] Hrast [\/vc_column_text][vc_column_text] LIPA proizvodi [\/vc_column_text][\/vc_column][\/vc_row][vc_row type=&#8221;container&#8221; el_class=&#8221;contained&#8221;][vc_column][vc_separator color=&#8221;#eeeeee&#8221; type=&#8221;normal&#8221; thickness=&#8221;1&#8221; up=&#8221;&#8221; down=&#8221;30&#8221;][\/vc_column][\/vc_row][vc_row type=&#8221;container&#8221;][vc_column width=&#8221;1\/2&#8221;][vc_column_text] OP\u0160TI OPIS Drvo je svjetlosme\u0111e boje, vlakno prelazi iz ravnog u nepravilno i ukr\u0161teno, zavisno od uslova rasta. Kod radijalnih rezova, prepoznatljivi srebrnasti oblici. Namjena: namje\u0161taj, stolarija visokog kvaliteta, ba\u010dve za vino, pivo i konjak, kutije. [&hellip;]<\/p>\n","protected":false},"author":1,"featured_media":0,"parent":72649,"menu_order":0,"comment_status":"closed","ping_status":"closed","template":"page-full-width.php","meta":{"_acf_changed":false,"footnotes":""},"class_list":["post-72661","page","type-page","status-publish","hentry"],"acf":[],"yoast_head":"<!-- This site is optimized with the Yoast SEO plugin v24.4 - https:\/\/yoast.com\/wordpress\/plugins\/seo\/ -->\n<title>Hrast - LIPA<\/title>\n<meta name=\"robots\" content=\"index, follow, max-snippet:-1, max-image-preview:large, max-video-preview:-1\" \/>\n<link rel=\"canonical\" href=\"https:\/\/www.lipadrvo.com\/bs\/proizvodi\/oak\/\" \/>\n<meta property=\"og:locale\" content=\"bs_BA\" \/>\n<meta property=\"og:type\" content=\"article\" \/>\n<meta property=\"og:title\" content=\"Hrast - LIPA\" \/>\n<meta property=\"og:description\" content=\"[vc_row type=&#8221;container&#8221;][vc_column][vc_column_text css=&#8221;.vc_custom_1573797842097{margin-bottom: -10px !important;}&#8221;] Hrast [\/vc_column_text][vc_column_text] LIPA proizvodi [\/vc_column_text][\/vc_column][\/vc_row][vc_row type=&#8221;container&#8221; el_class=&#8221;contained&#8221;][vc_column][vc_separator color=&#8221;#eeeeee&#8221; type=&#8221;normal&#8221; thickness=&#8221;1&#8221; up=&#8221;&#8221; down=&#8221;30&#8221;][\/vc_column][\/vc_row][vc_row type=&#8221;container&#8221;][vc_column width=&#8221;1\/2&#8221;][vc_column_text] OP\u0160TI OPIS Drvo je svjetlosme\u0111e boje, vlakno prelazi iz ravnog u nepravilno i ukr\u0161teno, zavisno od uslova rasta. Kod radijalnih rezova, prepoznatljivi srebrnasti oblici. Namjena: namje\u0161taj, stolarija visokog kvaliteta, ba\u010dve za vino, pivo i konjak, kutije. [&hellip;]\" \/>\n<meta property=\"og:url\" content=\"https:\/\/www.lipadrvo.com\/bs\/proizvodi\/oak\/\" \/>\n<meta property=\"og:site_name\" content=\"LIPA\" \/>\n<meta property=\"article:modified_time\" content=\"2019-11-15T06:07:35+00:00\" \/>\n<meta name=\"twitter:card\" content=\"summary_large_image\" \/>\n<meta name=\"twitter:label1\" content=\"Est. reading time\" \/>\n\t<meta name=\"twitter:data1\" content=\"3 minute\" \/>\n<script type=\"application\/ld+json\" class=\"yoast-schema-graph\">{\"@context\":\"https:\/\/schema.org\",\"@graph\":[{\"@type\":\"WebPage\",\"@id\":\"https:\/\/www.lipadrvo.com\/bs\/proizvodi\/oak\/\",\"url\":\"https:\/\/www.lipadrvo.com\/bs\/proizvodi\/oak\/\",\"name\":\"Hrast - LIPA\",\"isPartOf\":{\"@id\":\"https:\/\/www.lipadrvo.com\/#website\"},\"datePublished\":\"2018-10-22T05:41:43+00:00\",\"dateModified\":\"2019-11-15T06:07:35+00:00\",\"breadcrumb\":{\"@id\":\"https:\/\/www.lipadrvo.com\/bs\/proizvodi\/oak\/#breadcrumb\"},\"inLanguage\":\"bs-BA\",\"potentialAction\":[{\"@type\":\"ReadAction\",\"target\":[\"https:\/\/www.lipadrvo.com\/bs\/proizvodi\/oak\/\"]}]},{\"@type\":\"BreadcrumbList\",\"@id\":\"https:\/\/www.lipadrvo.com\/bs\/proizvodi\/oak\/#breadcrumb\",\"itemListElement\":[{\"@type\":\"ListItem\",\"position\":1,\"name\":\"Home\",\"item\":\"https:\/\/www.lipadrvo.com\/bs\/\"},{\"@type\":\"ListItem\",\"position\":2,\"name\":\"Proizvodi\",\"item\":\"https:\/\/www.lipadrvo.com\/bs\/proizvodi\/\"},{\"@type\":\"ListItem\",\"position\":3,\"name\":\"Hrast\"}]},{\"@type\":\"WebSite\",\"@id\":\"https:\/\/www.lipadrvo.com\/#website\",\"url\":\"https:\/\/www.lipadrvo.com\/\",\"name\":\"LIPA\",\"description\":\"Rooted in quality and trust\",\"potentialAction\":[{\"@type\":\"SearchAction\",\"target\":{\"@type\":\"EntryPoint\",\"urlTemplate\":\"https:\/\/www.lipadrvo.com\/?s={search_term_string}\"},\"query-input\":{\"@type\":\"PropertyValueSpecification\",\"valueRequired\":true,\"valueName\":\"search_term_string\"}}],\"inLanguage\":\"bs-BA\"}]}<\/script>\n<!-- \/ Yoast SEO plugin. -->","yoast_head_json":{"title":"Hrast - LIPA","robots":{"index":"index","follow":"follow","max-snippet":"max-snippet:-1","max-image-preview":"max-image-preview:large","max-video-preview":"max-video-preview:-1"},"canonical":"https:\/\/www.lipadrvo.com\/bs\/proizvodi\/oak\/","og_locale":"bs_BA","og_type":"article","og_title":"Hrast - LIPA","og_description":"[vc_row type=&#8221;container&#8221;][vc_column][vc_column_text css=&#8221;.vc_custom_1573797842097{margin-bottom: -10px !important;}&#8221;] Hrast [\/vc_column_text][vc_column_text] LIPA proizvodi [\/vc_column_text][\/vc_column][\/vc_row][vc_row type=&#8221;container&#8221; el_class=&#8221;contained&#8221;][vc_column][vc_separator color=&#8221;#eeeeee&#8221; type=&#8221;normal&#8221; thickness=&#8221;1&#8221; up=&#8221;&#8221; down=&#8221;30&#8221;][\/vc_column][\/vc_row][vc_row type=&#8221;container&#8221;][vc_column width=&#8221;1\/2&#8221;][vc_column_text] OP\u0160TI OPIS Drvo je svjetlosme\u0111e boje, vlakno prelazi iz ravnog u nepravilno i ukr\u0161teno, zavisno od uslova rasta. Kod radijalnih rezova, prepoznatljivi srebrnasti oblici. Namjena: namje\u0161taj, stolarija visokog kvaliteta, ba\u010dve za vino, pivo i konjak, kutije. [&hellip;]","og_url":"https:\/\/www.lipadrvo.com\/bs\/proizvodi\/oak\/","og_site_name":"LIPA","article_modified_time":"2019-11-15T06:07:35+00:00","twitter_card":"summary_large_image","twitter_misc":{"Est. reading time":"3 minute"},"schema":{"@context":"https:\/\/schema.org","@graph":[{"@type":"WebPage","@id":"https:\/\/www.lipadrvo.com\/bs\/proizvodi\/oak\/","url":"https:\/\/www.lipadrvo.com\/bs\/proizvodi\/oak\/","name":"Hrast - LIPA","isPartOf":{"@id":"https:\/\/www.lipadrvo.com\/#website"},"datePublished":"2018-10-22T05:41:43+00:00","dateModified":"2019-11-15T06:07:35+00:00","breadcrumb":{"@id":"https:\/\/www.lipadrvo.com\/bs\/proizvodi\/oak\/#breadcrumb"},"inLanguage":"bs-BA","potentialAction":[{"@type":"ReadAction","target":["https:\/\/www.lipadrvo.com\/bs\/proizvodi\/oak\/"]}]},{"@type":"BreadcrumbList","@id":"https:\/\/www.lipadrvo.com\/bs\/proizvodi\/oak\/#breadcrumb","itemListElement":[{"@type":"ListItem","position":1,"name":"Home","item":"https:\/\/www.lipadrvo.com\/bs\/"},{"@type":"ListItem","position":2,"name":"Proizvodi","item":"https:\/\/www.lipadrvo.com\/bs\/proizvodi\/"},{"@type":"ListItem","position":3,"name":"Hrast"}]},{"@type":"WebSite","@id":"https:\/\/www.lipadrvo.com\/#website","url":"https:\/\/www.lipadrvo.com\/","name":"LIPA","description":"Rooted in quality and trust","potentialAction":[{"@type":"SearchAction","target":{"@type":"EntryPoint","urlTemplate":"https:\/\/www.lipadrvo.com\/?s={search_term_string}"},"query-input":{"@type":"PropertyValueSpecification","valueRequired":true,"valueName":"search_term_string"}}],"inLanguage":"bs-BA"}]}},"_links":{"self":[{"href":"https:\/\/www.lipadrvo.com\/bs\/wp-json\/wp\/v2\/pages\/72661","targetHints":{"allow":["GET"]}}],"collection":[{"href":"https:\/\/www.lipadrvo.com\/bs\/wp-json\/wp\/v2\/pages"}],"about":[{"href":"https:\/\/www.lipadrvo.com\/bs\/wp-json\/wp\/v2\/types\/page"}],"author":[{"embeddable":true,"href":"https:\/\/www.lipadrvo.com\/bs\/wp-json\/wp\/v2\/users\/1"}],"replies":[{"embeddable":true,"href":"https:\/\/www.lipadrvo.com\/bs\/wp-json\/wp\/v2\/comments?post=72661"}],"version-history":[{"count":3,"href":"https:\/\/www.lipadrvo.com\/bs\/wp-json\/wp\/v2\/pages\/72661\/revisions"}],"predecessor-version":[{"id":72684,"href":"https:\/\/www.lipadrvo.com\/bs\/wp-json\/wp\/v2\/pages\/72661\/revisions\/72684"}],"up":[{"embeddable":true,"href":"https:\/\/www.lipadrvo.com\/bs\/wp-json\/wp\/v2\/pages\/72649"}],"wp:attachment":[{"href":"https:\/\/www.lipadrvo.com\/bs\/wp-json\/wp\/v2\/media?parent=72661"}],"curies":[{"name":"wp","href":"https:\/\/api.w.org\/{rel}","templated":true}]}}