{"id":71290,"date":"2018-06-21T06:20:17","date_gmt":"2018-06-21T06:20:17","guid":{"rendered":"https:\/\/www.lipadrvo.com\/?page_id=71290"},"modified":"2025-01-23T11:59:37","modified_gmt":"2025-01-23T09:59:37","slug":"team","status":"publish","type":"page","link":"https:\/\/www.lipadrvo.com\/it\/team\/","title":{"rendered":"Team"},"content":{"rendered":"<div class=\"wpb-content-wrapper\"><p>[vc_row type=&#8221;container&#8221;][vc_column][vc_column_text css=&#8221;.vc_custom_1735588302183{margin-bottom: -10px !important;}&#8221;]<\/p>\n<h1 style=\"text-align: center; line-height: 90px;\">Il nostro Management<\/h1>\n<p>[\/vc_column_text][\/vc_column][\/vc_row][vc_row type=&#8221;container&#8221;][vc_column][vc_separator color=&#8221;#cf112d&#8221; type=&#8221;normal&#8221; thickness=&#8221;3&#8243; up=&#8221;&#8221; down=&#8221;30&#8243;][\/vc_column][\/vc_row][vc_row type=&#8221;container&#8221;][vc_column][vc_column_text css=&#8221;&#8221;]<span style=\"color: #000000;\">Il Team di Lipa \u00e8 un gruppo di lavoro altamente qualificato e selezionato dove la singola professionalit\u00e0 \u00e8 valorizzata nella creazione di una rete capillare di consulenza a disposizione del cliente. <\/span>[\/vc_column_text][\/vc_column][\/vc_row][vc_row type=&#8221;container&#8221; css=&#8221;.vc_custom_1529577342902{padding-top: 10px !important;padding-bottom: 10px !important;}&#8221;][vc_column width=&#8221;1\/2&#8243;][vc_single_image image=&#8221;72805&#8243; img_size=&#8221;full&#8221; style=&#8221;vc_box_rounded&#8221; css=&#8221;.vc_custom_1736509987649{margin-bottom: 22px !important;}&#8221;][\/vc_column][vc_column width=&#8221;1\/2&#8243;][vc_column_text css=&#8221;&#8221;]<span style=\"color: #000000;\">Il Team \u00e8 magistralmente coordinato dalla <b>Direttrice, <\/b><b>Zorica Savi\u0107<\/b>, che con un approccio sinergico, coordina i diversi reparti di Lipa: dalle risorse umane all\u2019acquisto dei tronchi passando per la manutenzione degli impianti fino alle vendite.<\/span><\/p>\n<p><span style=\"color: #000000;\">Promuove efficienza e condivisione, contribuendo a creare un ambiente di lavoro stimolante che supporta la crescita professionale di ogni dipendente. Il suo \u00e8 un ruolo fondamentale anche nel coltivare e assicurare all\u2019azienda <b>positive relazioni con le istituzioni pubbliche e la comunit\u00e0 locale<\/b> per una collaborazione rispettosa ed efficiente.<\/span>[\/vc_column_text][\/vc_column][\/vc_row][vc_row type=&#8221;container&#8221;][vc_column][vc_raw_html css=&#8221;&#8221;]JTVCYWlvdmdfdmlkZW8lMjBtcDQlM0QlMjJodHRwcyUzQSUyRiUyRmxpcGEueXVwcHlkZXYuaXQlMkZ3cC1jb250ZW50JTJGdXBsb2FkcyUyRjIwMjUlMkYwMSUyRkxpcGEtVGVhbS12aWRlby5tcDQlMjIlNUQ=[\/vc_raw_html][\/vc_column][\/vc_row]<\/p>\n<\/div>","protected":false},"excerpt":{"rendered":"<p>[vc_row type=&#8221;container&#8221;][vc_column][vc_column_text css=&#8221;.vc_custom_1735588302183{margin-bottom: -10px !important;}&#8221;] Il nostro Management [\/vc_column_text][\/vc_column][\/vc_row][vc_row type=&#8221;container&#8221;][vc_column][vc_separator color=&#8221;#cf112d&#8221; type=&#8221;normal&#8221; thickness=&#8221;3&#8243; up=&#8221;&#8221; down=&#8221;30&#8243;][\/vc_column][\/vc_row][vc_row type=&#8221;container&#8221;][vc_column][vc_column_text css=&#8221;&#8221;]Il Team di Lipa \u00e8 un gruppo di lavoro altamente qualificato e selezionato dove la singola professionalit\u00e0 \u00e8 valorizzata nella creazione di una rete capillare di consulenza a disposizione del cliente. [\/vc_column_text][\/vc_column][\/vc_row][vc_row type=&#8221;container&#8221; css=&#8221;.vc_custom_1529577342902{padding-top: 10px !important;padding-bottom: 10px !important;}&#8221;][vc_column width=&#8221;1\/2&#8243;][vc_single_image [&hellip;]<\/p>\n","protected":false},"author":1,"featured_media":0,"parent":0,"menu_order":0,"comment_status":"closed","ping_status":"closed","template":"page-full-width.php","meta":{"_acf_changed":false,"footnotes":""},"class_list":["post-71290","page","type-page","status-publish","hentry"],"acf":[],"yoast_head":"<!-- This site is optimized with the Yoast SEO plugin v24.4 - https:\/\/yoast.com\/wordpress\/plugins\/seo\/ -->\n<title>Team - LIPA<\/title>\n<meta name=\"robots\" content=\"index, follow, max-snippet:-1, max-image-preview:large, max-video-preview:-1\" \/>\n<link rel=\"canonical\" href=\"https:\/\/www.lipadrvo.com\/it\/team\/\" \/>\n<meta property=\"og:locale\" content=\"it_IT\" \/>\n<meta property=\"og:type\" content=\"article\" \/>\n<meta property=\"og:title\" content=\"Team - LIPA\" \/>\n<meta property=\"og:description\" content=\"[vc_row type=&#8221;container&#8221;][vc_column][vc_column_text css=&#8221;.vc_custom_1735588302183{margin-bottom: -10px !important;}&#8221;] Il nostro Management [\/vc_column_text][\/vc_column][\/vc_row][vc_row type=&#8221;container&#8221;][vc_column][vc_separator color=&#8221;#cf112d&#8221; type=&#8221;normal&#8221; thickness=&#8221;3&#8243; up=&#8221;&#8221; down=&#8221;30&#8243;][\/vc_column][\/vc_row][vc_row type=&#8221;container&#8221;][vc_column][vc_column_text css=&#8221;&#8221;]Il Team di Lipa \u00e8 un gruppo di lavoro altamente qualificato e selezionato dove la singola professionalit\u00e0 \u00e8 valorizzata nella creazione di una rete capillare di consulenza a disposizione del cliente. [\/vc_column_text][\/vc_column][\/vc_row][vc_row type=&#8221;container&#8221; css=&#8221;.vc_custom_1529577342902{padding-top: 10px !important;padding-bottom: 10px !important;}&#8221;][vc_column width=&#8221;1\/2&#8243;][vc_single_image [&hellip;]\" \/>\n<meta property=\"og:url\" content=\"https:\/\/www.lipadrvo.com\/it\/team\/\" \/>\n<meta property=\"og:site_name\" content=\"LIPA\" \/>\n<meta property=\"article:modified_time\" content=\"2025-01-23T09:59:37+00:00\" \/>\n<meta name=\"twitter:card\" content=\"summary_large_image\" \/>\n<meta name=\"twitter:label1\" content=\"Tempo di lettura stimato\" \/>\n\t<meta name=\"twitter:data1\" content=\"2 minuti\" \/>\n<script type=\"application\/ld+json\" class=\"yoast-schema-graph\">{\"@context\":\"https:\/\/schema.org\",\"@graph\":[{\"@type\":\"WebPage\",\"@id\":\"https:\/\/www.lipadrvo.com\/it\/team\/\",\"url\":\"https:\/\/www.lipadrvo.com\/it\/team\/\",\"name\":\"Team - LIPA\",\"isPartOf\":{\"@id\":\"https:\/\/www.lipadrvo.com\/#website\"},\"datePublished\":\"2018-06-21T06:20:17+00:00\",\"dateModified\":\"2025-01-23T09:59:37+00:00\",\"breadcrumb\":{\"@id\":\"https:\/\/www.lipadrvo.com\/it\/team\/#breadcrumb\"},\"inLanguage\":\"it-IT\",\"potentialAction\":[{\"@type\":\"ReadAction\",\"target\":[\"https:\/\/www.lipadrvo.com\/it\/team\/\"]}]},{\"@type\":\"BreadcrumbList\",\"@id\":\"https:\/\/www.lipadrvo.com\/it\/team\/#breadcrumb\",\"itemListElement\":[{\"@type\":\"ListItem\",\"position\":1,\"name\":\"Home\",\"item\":\"https:\/\/www.lipadrvo.com\/it\/\"},{\"@type\":\"ListItem\",\"position\":2,\"name\":\"Team\"}]},{\"@type\":\"WebSite\",\"@id\":\"https:\/\/www.lipadrvo.com\/#website\",\"url\":\"https:\/\/www.lipadrvo.com\/\",\"name\":\"LIPA\",\"description\":\"Rooted in quality and trust\",\"potentialAction\":[{\"@type\":\"SearchAction\",\"target\":{\"@type\":\"EntryPoint\",\"urlTemplate\":\"https:\/\/www.lipadrvo.com\/?s={search_term_string}\"},\"query-input\":{\"@type\":\"PropertyValueSpecification\",\"valueRequired\":true,\"valueName\":\"search_term_string\"}}],\"inLanguage\":\"it-IT\"}]}<\/script>\n<!-- \/ Yoast SEO plugin. -->","yoast_head_json":{"title":"Team - LIPA","robots":{"index":"index","follow":"follow","max-snippet":"max-snippet:-1","max-image-preview":"max-image-preview:large","max-video-preview":"max-video-preview:-1"},"canonical":"https:\/\/www.lipadrvo.com\/it\/team\/","og_locale":"it_IT","og_type":"article","og_title":"Team - LIPA","og_description":"[vc_row type=&#8221;container&#8221;][vc_column][vc_column_text css=&#8221;.vc_custom_1735588302183{margin-bottom: -10px !important;}&#8221;] Il nostro Management [\/vc_column_text][\/vc_column][\/vc_row][vc_row type=&#8221;container&#8221;][vc_column][vc_separator color=&#8221;#cf112d&#8221; type=&#8221;normal&#8221; thickness=&#8221;3&#8243; up=&#8221;&#8221; down=&#8221;30&#8243;][\/vc_column][\/vc_row][vc_row type=&#8221;container&#8221;][vc_column][vc_column_text css=&#8221;&#8221;]Il Team di Lipa \u00e8 un gruppo di lavoro altamente qualificato e selezionato dove la singola professionalit\u00e0 \u00e8 valorizzata nella creazione di una rete capillare di consulenza a disposizione del cliente. [\/vc_column_text][\/vc_column][\/vc_row][vc_row type=&#8221;container&#8221; css=&#8221;.vc_custom_1529577342902{padding-top: 10px !important;padding-bottom: 10px !important;}&#8221;][vc_column width=&#8221;1\/2&#8243;][vc_single_image [&hellip;]","og_url":"https:\/\/www.lipadrvo.com\/it\/team\/","og_site_name":"LIPA","article_modified_time":"2025-01-23T09:59:37+00:00","twitter_card":"summary_large_image","twitter_misc":{"Tempo di lettura stimato":"2 minuti"},"schema":{"@context":"https:\/\/schema.org","@graph":[{"@type":"WebPage","@id":"https:\/\/www.lipadrvo.com\/it\/team\/","url":"https:\/\/www.lipadrvo.com\/it\/team\/","name":"Team - LIPA","isPartOf":{"@id":"https:\/\/www.lipadrvo.com\/#website"},"datePublished":"2018-06-21T06:20:17+00:00","dateModified":"2025-01-23T09:59:37+00:00","breadcrumb":{"@id":"https:\/\/www.lipadrvo.com\/it\/team\/#breadcrumb"},"inLanguage":"it-IT","potentialAction":[{"@type":"ReadAction","target":["https:\/\/www.lipadrvo.com\/it\/team\/"]}]},{"@type":"BreadcrumbList","@id":"https:\/\/www.lipadrvo.com\/it\/team\/#breadcrumb","itemListElement":[{"@type":"ListItem","position":1,"name":"Home","item":"https:\/\/www.lipadrvo.com\/it\/"},{"@type":"ListItem","position":2,"name":"Team"}]},{"@type":"WebSite","@id":"https:\/\/www.lipadrvo.com\/#website","url":"https:\/\/www.lipadrvo.com\/","name":"LIPA","description":"Rooted in quality and trust","potentialAction":[{"@type":"SearchAction","target":{"@type":"EntryPoint","urlTemplate":"https:\/\/www.lipadrvo.com\/?s={search_term_string}"},"query-input":{"@type":"PropertyValueSpecification","valueRequired":true,"valueName":"search_term_string"}}],"inLanguage":"it-IT"}]}},"_links":{"self":[{"href":"https:\/\/www.lipadrvo.com\/it\/wp-json\/wp\/v2\/pages\/71290","targetHints":{"allow":["GET"]}}],"collection":[{"href":"https:\/\/www.lipadrvo.com\/it\/wp-json\/wp\/v2\/pages"}],"about":[{"href":"https:\/\/www.lipadrvo.com\/it\/wp-json\/wp\/v2\/types\/page"}],"author":[{"embeddable":true,"href":"https:\/\/www.lipadrvo.com\/it\/wp-json\/wp\/v2\/users\/1"}],"replies":[{"embeddable":true,"href":"https:\/\/www.lipadrvo.com\/it\/wp-json\/wp\/v2\/comments?post=71290"}],"version-history":[{"count":31,"href":"https:\/\/www.lipadrvo.com\/it\/wp-json\/wp\/v2\/pages\/71290\/revisions"}],"predecessor-version":[{"id":72984,"href":"https:\/\/www.lipadrvo.com\/it\/wp-json\/wp\/v2\/pages\/71290\/revisions\/72984"}],"wp:attachment":[{"href":"https:\/\/www.lipadrvo.com\/it\/wp-json\/wp\/v2\/media?parent=71290"}],"curies":[{"name":"wp","href":"https:\/\/api.w.org\/{rel}","templated":true}]}}