{"id":71315,"date":"2018-06-22T06:00:38","date_gmt":"2018-06-22T06:00:38","guid":{"rendered":"https:\/\/www.lipadrvo.com\/?page_id=71315"},"modified":"2025-02-24T22:03:04","modified_gmt":"2025-02-24T20:03:04","slug":"azienda","status":"publish","type":"page","link":"https:\/\/www.lipadrvo.com\/it\/azienda\/","title":{"rendered":"Azienda"},"content":{"rendered":"<div class=\"wpb-content-wrapper\"><p>[vc_row type=&#8221;container&#8221; css=&#8221;.vc_custom_1529648625696{padding-top: 40px !important;padding-bottom: 20px !important;}&#8221;][vc_column width=&#8221;1\/2&#8243;][vc_column_text css=&#8221;&#8221;]<span style=\"color: #000000;\">Fondata nel 2000 a Omarska, in una delle zone boschive pi\u00f9 pregiate al mondo per la produzione di tavolame di faggio, <b>Lipa si distingue per la qualit\u00e0 dei suoi prodotti e per l&#8217;impegno verso la sostenibilit\u00e0 ambientale.<\/b><\/span>[\/vc_column_text][\/vc_column][vc_column width=&#8221;1\/2&#8243;][vc_single_image image=&#8221;72552&#8243; img_size=&#8221;full&#8221;][\/vc_column][\/vc_row][vc_row type=&#8221;container&#8221; css=&#8221;.vc_custom_1459251841324{padding-top: 20px !important;padding-bottom: 20px !important;}&#8221;][vc_column width=&#8221;1\/2&#8243;][vc_single_image image=&#8221;73001&#8243; img_size=&#8221;full&#8221; css=&#8221;&#8221;][\/vc_column][vc_column width=&#8221;1\/2&#8243;][vc_column_text css=&#8221;&#8221;]<b>Impegno per la sostenibilit\u00e0 certificata<\/b><\/p>\n<p><span style=\"color: #000000;\">In Lipa, la tutela dell&#8217;ambiente \u00e8 una priorit\u00e0. Per questo collaboriamo esclusivamente con fornitori certificati FSC\u00ae, selezionati con cura per garantire la provenienza del nostro legno da foreste gestite responsabilmente. Scegliere Lipa significa scegliere un futuro sostenibile.<\/span><\/p>\n<p><span style=\"color: #000000;\">L&#8217;esperienza maturata in oltre vent&#8217;anni di attivit\u00e0, unita all&#8217;impegno per la qualit\u00e0 e al rispetto per l&#8217;ambiente, ha reso Lipa un&#8217;azienda leader nel settore della lavorazione del Faggio e del Rovere, un punto di riferimento in Bosnia Erzegovina.<\/span>[\/vc_column_text][\/vc_column][\/vc_row][vc_row type=&#8221;container&#8221; css=&#8221;.vc_custom_1459251841324{padding-top: 20px !important;padding-bottom: 20px !important;}&#8221;][vc_column width=&#8221;1\/2&#8243;][vc_column_text css=&#8221;&#8221;]<b>Il valore delle persone<\/b><\/p>\n<p><span style=\"color: #000000;\">Il successo di Lipa si basa sulla professionalit\u00e0, la seriet\u00e0 e l&#8217;esperienza delle persone che ne fanno parte. Crediamo nel valore di ogni singolo collaboratore e investiamo nella crescita del nostro team.<\/span><\/p>\n<p><span style=\"color: #000000;\">I prodotti Lipa, certificati FSC\u00ae, raggiungono clienti in tutto il mondo grazie al supporto della capillare rete commerciale di Cor\u00e0 Timber Industries. Un servizio di supporto e consulenza altamente qualificato accompagna i nostri partner in ogni fase del processo di acquisto.<\/span>[\/vc_column_text][\/vc_column][vc_column width=&#8221;1\/2&#8243;][vc_single_image image=&#8221;72966&#8243; img_size=&#8221;full&#8221; css=&#8221;&#8221;][\/vc_column][\/vc_row][vc_row type=&#8221;container&#8221; css=&#8221;.vc_custom_1459251841324{padding-top: 20px !important;padding-bottom: 20px !important;}&#8221;][vc_column width=&#8221;1\/2&#8243;][vc_single_image image=&#8221;72970&#8243; img_size=&#8221;full&#8221; css=&#8221;&#8221;][\/vc_column][vc_column width=&#8221;1\/2&#8243;][vc_column_text css=&#8221;&#8221;]<b>Dalla foresta al cliente finale<\/b><\/p>\n<p><span style=\"color: #000000;\">Seguiamo con attenzione ogni fase del ciclo produttivo, dall&#8217;approvvigionamento di tronchi certificati FSC\u00ae alla consegna del prodotto finito, garantendo elevati standard qualitativi e la massima soddisfazione del cliente.<\/span><\/p>\n<p><span style=\"color: #000000;\">La certificazione FSC\u00ae (Forest Stewardship Council) testimonia il nostro impegno per la gestione responsabile delle foreste. Un impegno volto alla salvaguardia e alla valorizzazione dei benefici ecosistemici per la collettivit\u00e0.<\/span>[\/vc_column_text][\/vc_column][\/vc_row][vc_row type=&#8221;container&#8221;][vc_column][vc_separator color=&#8221;#eeeeee&#8221; type=&#8221;normal&#8221; thickness=&#8221;1&#8243; up=&#8221;&#8221; down=&#8221;&#8221;][\/vc_column][\/vc_row][vc_row type=&#8221;container&#8221; css=&#8221;.vc_custom_1459253963078{margin-top: 13px !important;margin-bottom: 35px !important;}&#8221;][vc_column width=&#8221;1\/2&#8243;][vc_column_text css=&#8221;.vc_custom_1735587916433{margin-bottom: 20px !important;}&#8221;]<\/p>\n<h2 style=\"font-weight: inherit;\">Tecnologia all&#8217;avanguardia<\/h2>\n<p>[\/vc_column_text][vc_separator color=&#8221;#b9c00e&#8221; align=&#8221;align_left&#8221; type=&#8221;small&#8221; position=&#8221;center&#8221; thickness=&#8221;2&#8243; up=&#8221;&#8221; down=&#8221;&#8221;][vc_column_text css=&#8221;.vc_custom_1738356467998{margin-bottom: 0px !important;padding-top: 20px !important;}&#8221;]<span style=\"color: #000000;\">Per soddisfare le diverse esigenze dei nostri clienti, Lipa si avvale di un parco macchine moderno ed efficiente:<\/span><\/p>\n<p><span style=\"color: #000000;\">Lipa dispone di: <\/span><\/p>\n<ul>\n<li><span style=\"color: #000000;\">1 segatronchi italiana Primultini<\/span><\/li>\n<li><span style=\"color: #000000;\">3 refilatrici Modesto <\/span><\/li>\n<li><span style=\"color: #000000;\">1 linea di selezione qualit\u00e0 automatica BFB.<\/span><\/li>\n<li><span style=\"color: #000000;\">24 essiccatoi<\/span><\/li>\n<li><span style=\"color: #000000;\">2 evaporatori<\/span><\/li>\n<li><span style=\"color: #000000;\">3 caldaie<\/span><\/li>\n<\/ul>\n<p>[\/vc_column_text][\/vc_column][vc_column width=&#8221;1\/2&#8243; css=&#8221;.vc_custom_1738356476077{padding-top: 105px !important;}&#8221;][vc_column_text]<style>\r\n\r\n#wpsm_counter_b_row_71427 .wpsm_counterbox\r\n{\r\n\ttext-align:center;\r\n\tmargin-top:50px;\r\n\tmargin-bottom:50px;\r\n}\r\n#wpsm_counter_b_row_71427 .wpsm_counterbox .wpsm_count-icon{\r\n\tdisplay:block;\r\n\tmargin-top:20px;\r\n\tpadding-top:0px;\r\n\tpadding-bottom:0px;\r\n\tmargin-bottom:0px;\r\n\tmargin:0 auto;\r\n}\r\n#wpsm_counter_b_row_71427 .wpsm_counterbox .wpsm_count-icon i{\r\n\tfont-size:20px;\r\n\tcolor:#000000;\r\n}\r\n#wpsm_counter_b_row_71427 .wpsm_counterbox .wpsm_number{\r\n\tfont-size:30px;\r\n\tfont-weight:300;\r\n\tcolor:#000000;\r\n\tfont-family:'Open Sans';\r\n\tletter-spacing:2px;\r\n\tmargin-top:20px;\r\n\tline-height: 1.3em;\r\n\tpadding-top:0px;\r\n\tpadding-bottom:0px;\r\n\tmargin-bottom:0px;\r\n}\r\n#wpsm_counter_b_row_71427 .wpsm_counterbox .wpsm_count-title{\r\n    font-size:20px;\r\n\tfont-weight:bolder;\r\n\tfont-family:'Open Sans';\r\n\tletter-spacing:2px;\r\n    color: #000000;\r\n\tfont-weight:300;\r\n\tmargin-top:20px;\r\n\tpadding-top:0px;\r\n\tpadding-bottom:0px;\r\n\tmargin-bottom:0px;\r\n\tline-height: 1.3em;\r\n}\r\n\r\n.wpsm_number {float:left!important;text-align:left!important;}\r\n.wpsm_count-title {float:right;margin-top:-30px!important;min-height:auto!important;}\r\n.wpsm_counterbox {margin-top:0px!important;margin-bottom:0px!important;}\r\n.wpsm_row .wpsm_col-md-12 {border-bottom:1px solid #cecece;}<\/style> \r\n\t\t \r\n\t\t\r\n\t\t<style>\r\n\t\t#wpsm_counter_b_row_71427\t\t\t{\r\n\t\t\t\t\r\n\t\t\t\tposition:relative;\r\n\t\t\t\twidth:100%;\r\n\t\t\t\toverflow:hidden;\r\n\t\t\t\ttext-align:center;\r\n\t\t\t}\r\n\t\t\t \r\n\t\t\t#wpsm_counter_b_row_71427 .wpsm_row{\r\n\t\t\toverflow:hidden;\r\n\t\t\tdisplay:block;\r\n\t\t\twidth:100%;\r\n\t\t\t} \r\n\t\t\t \r\n\t\t\t#wpsm_counter_b_row_71427 .wpsm_row{\r\n\t\t\toverflow:visible;\r\n\t\t\t} \r\n\t\t\t \r\n\t\t\t#wpsm_counter_b_row_71427 .wpsm_counterbox .wpsm_count-title{\r\n\t\t\tmin-height:56px;\r\n\t\t\t}}\r\n\t\t\t \r\n\t\t<\/style>\r\n\t\t\r\n\t\t<div class=\"wpsm_counter_b_row\" id=\"wpsm_counter_b_row_71427\">\r\n\t\t\t<div>\r\n\t\t\t\t<div class=\"wpsm_row\">\r\n\t\t\r\n\t\t\t\t\t\t<div class=\"wpsm_col-md-12 wpsm_col-sm-6\">\r\n\t\t\t\t\t<div class=\"wpsm_counterbox\">\r\n\t\t\t\t\t\t\t\t\t\t\t\t<div class=\"wpsm_number\" style=\"#000000\" >\r\n\t\t\t\t\t\t   <span class=\"counter\">70000\t\t\t\t\t\t   <\/span>\r\n\t\t\t\t\t\t    \r\n\t\t\t\t\t    <\/div>\r\n\t\t\t\t\t\t<h3 class=\"wpsm_count-title\" #000000> MQ DI PIAZZALI<\/h3>\r\n\t\t\t\t\t\t \r\n\t\t\t\t\t<\/div>\r\n\t\t\t\t<\/div>\r\n\t\t\t\t\t\t<\/div>\r\n\t\t\t<div class=\"wpsm_row\">\r\n\t\t\t\t\t\t\t\t<div class=\"wpsm_col-md-12 wpsm_col-sm-6\">\r\n\t\t\t\t\t<div class=\"wpsm_counterbox\">\r\n\t\t\t\t\t\t\t\t\t\t\t\t<div class=\"wpsm_number\" style=\"#000000\" >\r\n\t\t\t\t\t\t   <span class=\"counter\">80\t\t\t\t\t\t   <\/span>\r\n\t\t\t\t\t\t    \r\n\t\t\t\t\t    <\/div>\r\n\t\t\t\t\t\t<h3 class=\"wpsm_count-title\" #000000> DIPENDENTI<\/h3>\r\n\t\t\t\t\t\t \r\n\t\t\t\t\t<\/div>\r\n\t\t\t\t<\/div>\r\n\t\t\t\t\t\t<\/div>\r\n\t\t\t<div class=\"wpsm_row\">\r\n\t\t\t\t\t\t\t\t<div class=\"wpsm_col-md-12 wpsm_col-sm-6\">\r\n\t\t\t\t\t<div class=\"wpsm_counterbox\">\r\n\t\t\t\t\t\t\t\t\t\t\t\t<div class=\"wpsm_number\" style=\"#000000\" >\r\n\t\t\t\t\t\t   <span class=\"counter\">10000\t\t\t\t\t\t   <\/span>\r\n\t\t\t\t\t\t    \r\n\t\t\t\t\t    <\/div>\r\n\t\t\t\t\t\t<h3 class=\"wpsm_count-title\" #000000> MQ DI CAPANNONI INDUSTRIALI<\/h3>\r\n\t\t\t\t\t\t \r\n\t\t\t\t\t<\/div>\r\n\t\t\t\t<\/div>\r\n\t\t\t\t\t\t<\/div>\r\n\t\t\t<div class=\"wpsm_row\">\r\n\t\t\t\t\t\t\t\t<div class=\"wpsm_col-md-12 wpsm_col-sm-6\">\r\n\t\t\t\t\t<div class=\"wpsm_counterbox\">\r\n\t\t\t\t\t\t\t\t\t\t\t\t<div class=\"wpsm_number\" style=\"#000000\" >\r\n\t\t\t\t\t\t   <span class=\"counter\">1500\t\t\t\t\t\t   <\/span>\r\n\t\t\t\t\t\t    \r\n\t\t\t\t\t    <\/div>\r\n\t\t\t\t\t\t<h3 class=\"wpsm_count-title\" #000000> MC DI ESSICATOI<\/h3>\r\n\t\t\t\t\t\t \r\n\t\t\t\t\t<\/div>\r\n\t\t\t\t<\/div>\r\n\t\t\t\t\t\t<\/div>\r\n\t\t\t<div class=\"wpsm_row\">\r\n\t\t\t\t\t\t\r\n\t\t\t<\/div>\t\t\t\t<\/div>\r\n\t\t<\/div>\r\n\t\t\r\n\t[\/vc_column_text][\/vc_column][\/vc_row][vc_row parallax=&#8221;content-moving&#8221; parallax_image=&#8221;72120&#8243; type=&#8221;full_page_width_inner_container&#8221; css=&#8221;.vc_custom_1540306978855{padding-top: 50px !important;padding-bottom: 50px !important;background-position: center;background-repeat: no-repeat !important;background-size: cover !important;}&#8221;][vc_column width=&#8221;1\/4&#8243;][\/vc_column][vc_column width=&#8221;1\/2&#8243;][vc_column_text el_class=&#8221;white-text&#8221;]<\/p>\n<h1 style=\"text-align: center; font-weight: 400;\">I PRODOTTI<\/h1>\n<h5 style=\"text-align: center; margin-top: 0;\">Per conoscere nel dettaglio la produzione LIPA,<br \/>\nclicca sul logo qui sotto:<\/h5>\n<p>[\/vc_column_text][vc_single_image image=&#8221;72373&#8243; img_size=&#8221;full&#8221; alignment=&#8221;center&#8221; onclick=&#8221;custom_link&#8221; link=&#8221;\/it\/prodotti\/&#8221;][\/vc_column][vc_column width=&#8221;1\/4&#8243;][\/vc_column][\/vc_row]<\/p>\n<\/div>","protected":false},"excerpt":{"rendered":"<p>[vc_row type=&#8221;container&#8221; css=&#8221;.vc_custom_1529648625696{padding-top: 40px !important;padding-bottom: 20px !important;}&#8221;][vc_column width=&#8221;1\/2&#8243;][vc_column_text css=&#8221;&#8221;]Fondata nel 2000 a Omarska, in una delle zone boschive pi\u00f9 pregiate al mondo per la produzione di tavolame di faggio, Lipa si distingue per la qualit\u00e0 dei suoi prodotti e per l&#8217;impegno verso la sostenibilit\u00e0 ambientale.[\/vc_column_text][\/vc_column][vc_column width=&#8221;1\/2&#8243;][vc_single_image image=&#8221;72552&#8243; img_size=&#8221;full&#8221;][\/vc_column][\/vc_row][vc_row type=&#8221;container&#8221; css=&#8221;.vc_custom_1459251841324{padding-top: 20px !important;padding-bottom: 20px !important;}&#8221;][vc_column width=&#8221;1\/2&#8243;][vc_single_image [&hellip;]<\/p>\n","protected":false},"author":1,"featured_media":71209,"parent":0,"menu_order":0,"comment_status":"closed","ping_status":"closed","template":"page-full-width.php","meta":{"_acf_changed":false,"footnotes":""},"class_list":["post-71315","page","type-page","status-publish","has-post-thumbnail","hentry"],"acf":[],"yoast_head":"<!-- This site is optimized with the Yoast SEO plugin v24.4 - https:\/\/yoast.com\/wordpress\/plugins\/seo\/ -->\n<title>Azienda - LIPA<\/title>\n<meta name=\"robots\" content=\"index, follow, max-snippet:-1, max-image-preview:large, max-video-preview:-1\" \/>\n<link rel=\"canonical\" href=\"https:\/\/www.lipadrvo.com\/it\/azienda\/\" \/>\n<meta property=\"og:locale\" content=\"it_IT\" \/>\n<meta property=\"og:type\" content=\"article\" \/>\n<meta property=\"og:title\" content=\"Azienda - LIPA\" \/>\n<meta property=\"og:description\" content=\"[vc_row type=&#8221;container&#8221; css=&#8221;.vc_custom_1529648625696{padding-top: 40px !important;padding-bottom: 20px !important;}&#8221;][vc_column width=&#8221;1\/2&#8243;][vc_column_text css=&#8221;&#8221;]Fondata nel 2000 a Omarska, in una delle zone boschive pi\u00f9 pregiate al mondo per la produzione di tavolame di faggio, Lipa si distingue per la qualit\u00e0 dei suoi prodotti e per l&#8217;impegno verso la sostenibilit\u00e0 ambientale.[\/vc_column_text][\/vc_column][vc_column width=&#8221;1\/2&#8243;][vc_single_image image=&#8221;72552&#8243; img_size=&#8221;full&#8221;][\/vc_column][\/vc_row][vc_row type=&#8221;container&#8221; css=&#8221;.vc_custom_1459251841324{padding-top: 20px !important;padding-bottom: 20px !important;}&#8221;][vc_column width=&#8221;1\/2&#8243;][vc_single_image [&hellip;]\" \/>\n<meta property=\"og:url\" content=\"https:\/\/www.lipadrvo.com\/it\/azienda\/\" \/>\n<meta property=\"og:site_name\" content=\"LIPA\" \/>\n<meta property=\"article:modified_time\" content=\"2025-02-24T20:03:04+00:00\" \/>\n<meta property=\"og:image\" content=\"https:\/\/www.lipadrvo.com\/wp-content\/uploads\/2018\/06\/home-bg-numeri-color.jpg\" \/>\n\t<meta property=\"og:image:width\" content=\"1980\" \/>\n\t<meta property=\"og:image:height\" content=\"717\" \/>\n\t<meta property=\"og:image:type\" content=\"image\/jpeg\" \/>\n<meta name=\"twitter:card\" content=\"summary_large_image\" \/>\n<meta name=\"twitter:label1\" content=\"Tempo di lettura stimato\" \/>\n\t<meta name=\"twitter:data1\" content=\"3 minuti\" \/>\n<script type=\"application\/ld+json\" class=\"yoast-schema-graph\">{\"@context\":\"https:\/\/schema.org\",\"@graph\":[{\"@type\":\"WebPage\",\"@id\":\"https:\/\/www.lipadrvo.com\/it\/azienda\/\",\"url\":\"https:\/\/www.lipadrvo.com\/it\/azienda\/\",\"name\":\"Azienda - LIPA\",\"isPartOf\":{\"@id\":\"https:\/\/www.lipadrvo.com\/#website\"},\"primaryImageOfPage\":{\"@id\":\"https:\/\/www.lipadrvo.com\/it\/azienda\/#primaryimage\"},\"image\":{\"@id\":\"https:\/\/www.lipadrvo.com\/it\/azienda\/#primaryimage\"},\"thumbnailUrl\":\"https:\/\/www.lipadrvo.com\/wp-content\/uploads\/2018\/06\/home-bg-numeri-color.jpg\",\"datePublished\":\"2018-06-22T06:00:38+00:00\",\"dateModified\":\"2025-02-24T20:03:04+00:00\",\"breadcrumb\":{\"@id\":\"https:\/\/www.lipadrvo.com\/it\/azienda\/#breadcrumb\"},\"inLanguage\":\"it-IT\",\"potentialAction\":[{\"@type\":\"ReadAction\",\"target\":[\"https:\/\/www.lipadrvo.com\/it\/azienda\/\"]}]},{\"@type\":\"ImageObject\",\"inLanguage\":\"it-IT\",\"@id\":\"https:\/\/www.lipadrvo.com\/it\/azienda\/#primaryimage\",\"url\":\"https:\/\/www.lipadrvo.com\/wp-content\/uploads\/2018\/06\/home-bg-numeri-color.jpg\",\"contentUrl\":\"https:\/\/www.lipadrvo.com\/wp-content\/uploads\/2018\/06\/home-bg-numeri-color.jpg\",\"width\":1980,\"height\":717},{\"@type\":\"BreadcrumbList\",\"@id\":\"https:\/\/www.lipadrvo.com\/it\/azienda\/#breadcrumb\",\"itemListElement\":[{\"@type\":\"ListItem\",\"position\":1,\"name\":\"Home\",\"item\":\"https:\/\/www.lipadrvo.com\/it\/\"},{\"@type\":\"ListItem\",\"position\":2,\"name\":\"Azienda\"}]},{\"@type\":\"WebSite\",\"@id\":\"https:\/\/www.lipadrvo.com\/#website\",\"url\":\"https:\/\/www.lipadrvo.com\/\",\"name\":\"LIPA\",\"description\":\"Rooted in quality and trust\",\"potentialAction\":[{\"@type\":\"SearchAction\",\"target\":{\"@type\":\"EntryPoint\",\"urlTemplate\":\"https:\/\/www.lipadrvo.com\/?s={search_term_string}\"},\"query-input\":{\"@type\":\"PropertyValueSpecification\",\"valueRequired\":true,\"valueName\":\"search_term_string\"}}],\"inLanguage\":\"it-IT\"}]}<\/script>\n<!-- \/ Yoast SEO plugin. -->","yoast_head_json":{"title":"Azienda - LIPA","robots":{"index":"index","follow":"follow","max-snippet":"max-snippet:-1","max-image-preview":"max-image-preview:large","max-video-preview":"max-video-preview:-1"},"canonical":"https:\/\/www.lipadrvo.com\/it\/azienda\/","og_locale":"it_IT","og_type":"article","og_title":"Azienda - LIPA","og_description":"[vc_row type=&#8221;container&#8221; css=&#8221;.vc_custom_1529648625696{padding-top: 40px !important;padding-bottom: 20px !important;}&#8221;][vc_column width=&#8221;1\/2&#8243;][vc_column_text css=&#8221;&#8221;]Fondata nel 2000 a Omarska, in una delle zone boschive pi\u00f9 pregiate al mondo per la produzione di tavolame di faggio, Lipa si distingue per la qualit\u00e0 dei suoi prodotti e per l&#8217;impegno verso la sostenibilit\u00e0 ambientale.[\/vc_column_text][\/vc_column][vc_column width=&#8221;1\/2&#8243;][vc_single_image image=&#8221;72552&#8243; img_size=&#8221;full&#8221;][\/vc_column][\/vc_row][vc_row type=&#8221;container&#8221; css=&#8221;.vc_custom_1459251841324{padding-top: 20px !important;padding-bottom: 20px !important;}&#8221;][vc_column width=&#8221;1\/2&#8243;][vc_single_image [&hellip;]","og_url":"https:\/\/www.lipadrvo.com\/it\/azienda\/","og_site_name":"LIPA","article_modified_time":"2025-02-24T20:03:04+00:00","og_image":[{"width":1980,"height":717,"url":"https:\/\/www.lipadrvo.com\/wp-content\/uploads\/2018\/06\/home-bg-numeri-color.jpg","type":"image\/jpeg"}],"twitter_card":"summary_large_image","twitter_misc":{"Tempo di lettura stimato":"3 minuti"},"schema":{"@context":"https:\/\/schema.org","@graph":[{"@type":"WebPage","@id":"https:\/\/www.lipadrvo.com\/it\/azienda\/","url":"https:\/\/www.lipadrvo.com\/it\/azienda\/","name":"Azienda - LIPA","isPartOf":{"@id":"https:\/\/www.lipadrvo.com\/#website"},"primaryImageOfPage":{"@id":"https:\/\/www.lipadrvo.com\/it\/azienda\/#primaryimage"},"image":{"@id":"https:\/\/www.lipadrvo.com\/it\/azienda\/#primaryimage"},"thumbnailUrl":"https:\/\/www.lipadrvo.com\/wp-content\/uploads\/2018\/06\/home-bg-numeri-color.jpg","datePublished":"2018-06-22T06:00:38+00:00","dateModified":"2025-02-24T20:03:04+00:00","breadcrumb":{"@id":"https:\/\/www.lipadrvo.com\/it\/azienda\/#breadcrumb"},"inLanguage":"it-IT","potentialAction":[{"@type":"ReadAction","target":["https:\/\/www.lipadrvo.com\/it\/azienda\/"]}]},{"@type":"ImageObject","inLanguage":"it-IT","@id":"https:\/\/www.lipadrvo.com\/it\/azienda\/#primaryimage","url":"https:\/\/www.lipadrvo.com\/wp-content\/uploads\/2018\/06\/home-bg-numeri-color.jpg","contentUrl":"https:\/\/www.lipadrvo.com\/wp-content\/uploads\/2018\/06\/home-bg-numeri-color.jpg","width":1980,"height":717},{"@type":"BreadcrumbList","@id":"https:\/\/www.lipadrvo.com\/it\/azienda\/#breadcrumb","itemListElement":[{"@type":"ListItem","position":1,"name":"Home","item":"https:\/\/www.lipadrvo.com\/it\/"},{"@type":"ListItem","position":2,"name":"Azienda"}]},{"@type":"WebSite","@id":"https:\/\/www.lipadrvo.com\/#website","url":"https:\/\/www.lipadrvo.com\/","name":"LIPA","description":"Rooted in quality and trust","potentialAction":[{"@type":"SearchAction","target":{"@type":"EntryPoint","urlTemplate":"https:\/\/www.lipadrvo.com\/?s={search_term_string}"},"query-input":{"@type":"PropertyValueSpecification","valueRequired":true,"valueName":"search_term_string"}}],"inLanguage":"it-IT"}]}},"_links":{"self":[{"href":"https:\/\/www.lipadrvo.com\/it\/wp-json\/wp\/v2\/pages\/71315","targetHints":{"allow":["GET"]}}],"collection":[{"href":"https:\/\/www.lipadrvo.com\/it\/wp-json\/wp\/v2\/pages"}],"about":[{"href":"https:\/\/www.lipadrvo.com\/it\/wp-json\/wp\/v2\/types\/page"}],"author":[{"embeddable":true,"href":"https:\/\/www.lipadrvo.com\/it\/wp-json\/wp\/v2\/users\/1"}],"replies":[{"embeddable":true,"href":"https:\/\/www.lipadrvo.com\/it\/wp-json\/wp\/v2\/comments?post=71315"}],"version-history":[{"count":60,"href":"https:\/\/www.lipadrvo.com\/it\/wp-json\/wp\/v2\/pages\/71315\/revisions"}],"predecessor-version":[{"id":73036,"href":"https:\/\/www.lipadrvo.com\/it\/wp-json\/wp\/v2\/pages\/71315\/revisions\/73036"}],"wp:featuredmedia":[{"embeddable":true,"href":"https:\/\/www.lipadrvo.com\/it\/wp-json\/wp\/v2\/media\/71209"}],"wp:attachment":[{"href":"https:\/\/www.lipadrvo.com\/it\/wp-json\/wp\/v2\/media?parent=71315"}],"curies":[{"name":"wp","href":"https:\/\/api.w.org\/{rel}","templated":true}]}}