{"id":71791,"date":"2018-10-11T16:08:46","date_gmt":"2018-10-11T16:08:46","guid":{"rendered":"https:\/\/www.lipadrvo.com\/?page_id=71791"},"modified":"2025-01-31T22:51:18","modified_gmt":"2025-01-31T20:51:18","slug":"prodotti","status":"publish","type":"page","link":"https:\/\/www.lipadrvo.com\/it\/prodotti\/","title":{"rendered":"Prodotti"},"content":{"rendered":"<div class=\"wpb-content-wrapper\"><p>[vc_row type=&#8221;container&#8221;][vc_column][vc_column_text css=&#8221;.vc_custom_1735640949519{margin-bottom: -10px !important;}&#8221;]<\/p>\n<h1 style=\"text-align: center;\">I nostri Prodotti<\/h1>\n<p>[\/vc_column_text][vc_column_text css=&#8221;&#8221;]<\/p>\n<h4 style=\"text-align: center;\"><span style=\"color: #999999;\">European hardwood, serving international demand.<\/span><\/h4>\n<p>[\/vc_column_text][\/vc_column][\/vc_row][vc_row full_width=&#8221;stretch_row&#8221; parallax=&#8221;content-moving&#8221; parallax_image=&#8221;72332&#8243; type=&#8221;container&#8221;][vc_column][vc_column_text css=&#8221;.vc_custom_1539274543521{padding-top: 80px !important;padding-bottom: 100px !important;}&#8221; el_class=&#8221;white-text&#8221;]<\/p>\n<h2 style=\"text-align: center; font-size: 48px;\">FAGGIO<\/h2>\n<p>[\/vc_column_text][\/vc_column][\/vc_row][vc_row full_width=&#8221;stretch_row&#8221; type=&#8221;container&#8221;][vc_column width=&#8221;1\/2&#8243;][vc_column_text css=&#8221;&#8221;]<\/p>\n<h3>DESCRIZIONE GENERALE<\/h3>\n<p>Il colore del faggio \u00e8 bruno roseo chiaro. La tessitura \u00e8 fine e la fibratura per lo pi\u00f9 dritta.<br \/>\n<strong>Impieghi<\/strong>:\u00a0mobili, sedie e arredamento di vario tipo; pannelli, sagome curvate e compensati.<br \/>\n<strong>Uso<\/strong>:\u00a0interno[\/vc_column_text][\/vc_column][vc_column width=&#8221;1\/2&#8243;][vc_column_text css=&#8221;&#8221;]<\/p>\n<h3>INFORMAZIONI TECNICHE<\/h3>\n<p><strong>Origine<\/strong>: Bosnia<br \/>\n<strong>Produzione<\/strong>: Essiccato ( KD) 12+\/-2%, piallato sui fianchi, leggermente evaporato (8 ore)<br \/>\n<strong>Spessori<\/strong>: 26mm \u2013 32mm* \u2013 38mm \u2013 50mm \u2013 60mm* (spessori reali di acquisto dopo essicazione KD)<\/p>\n<p>*Prodotto soggetto a disponibilit\u00e0[\/vc_column_text][\/vc_column][\/vc_row][vc_row type=&#8221;container&#8221;][vc_column width=&#8221;1\/3&#8243;][vc_column_text css=&#8221;.vc_custom_1735641643613{margin-bottom: 10px !important;}&#8221;]<\/p>\n<h3 style=\"text-align: left; font-weight: 800;\">A GRADE<\/h3>\n<p>[\/vc_column_text][vc_separator color=&#8221;#999999&#8243; type=&#8221;normal&#8221; thickness=&#8221;1&#8243; up=&#8221;&#8221; down=&#8221;30&#8243;][vc_column_text css=&#8221;&#8221;]<strong>Qualit\u00e0<\/strong>:\u00a090% 4 facce nette 10% 3 facce nette<br \/>\n<strong>Spessore<\/strong>: 26\/32\/38\/50\/60 mm<br \/>\n<strong>Lunghezza<\/strong>: 2100mm e pi\u00f9<br \/>\n<strong>Larghezza<\/strong>:\u00a0120mm e pi\u00f9 (10% da 100 a 110mm)<\/p>\n<p><strong>Varianti disponibili<\/strong>: Corto (1000-2000mm) \/ Super Corto (300-900mm)[\/vc_column_text][\/vc_column][vc_column width=&#8221;1\/3&#8243;][vc_column_text css=&#8221;.vc_custom_1735641815263{margin-bottom: 10px !important;}&#8221;]<\/p>\n<h3 style=\"text-align: center; font-size: 20px:color:#666;\">fronte<\/h3>\n<p>[\/vc_column_text][vc_separator color=&#8221;#999999&#8243; type=&#8221;normal&#8221; thickness=&#8221;1&#8243; up=&#8221;&#8221; down=&#8221;30&#8243;][vc_single_image image=&#8221;72815&#8243; img_size=&#8221;1300&#215;650&#8243; style=&#8221;zoooom&#8221; onclick=&#8221;link_image&#8221; css=&#8221;.vc_custom_1737107638617{margin-bottom: 22px !important;}&#8221;][\/vc_column][vc_column width=&#8221;1\/3&#8243;][vc_column_text css=&#8221;&#8221;]<\/p>\n<h3 style=\"text-align: center; font-size: 20px:color:#666;\">retro<\/h3>\n<p>[\/vc_column_text][vc_separator color=&#8221;#999999&#8243; type=&#8221;normal&#8221; thickness=&#8221;1&#8243; up=&#8221;&#8221; down=&#8221;30&#8243;][vc_single_image image=&#8221;72818&#8243; img_size=&#8221;1300&#215;650&#8243; style=&#8221;zoooom&#8221; onclick=&#8221;link_image&#8221; css=&#8221;.vc_custom_1737105768557{margin-bottom: 22px !important;}&#8221;][\/vc_column][\/vc_row][vc_row type=&#8221;container&#8221;][vc_column width=&#8221;1\/3&#8243;][vc_column_text css=&#8221;.vc_custom_1738356634089{margin-bottom: 10px !important;}&#8221;]<\/p>\n<h3 style=\"text-align: left; font-weight: 800;\">AB GRADE<\/h3>\n<p>[\/vc_column_text][vc_separator color=&#8221;#999999&#8243; type=&#8221;normal&#8221; thickness=&#8221;1&#8243; up=&#8221;&#8221; down=&#8221;30&#8243;][vc_column_text css=&#8221;&#8221;]<strong>Qualit\u00e0<\/strong>: 100% 3 facce nette<br \/>\n<strong>Spessore<\/strong>: 26\/32\/38\/50\/60mm<br \/>\n<strong>Lunghezza<\/strong>: 2100 mm e pi\u00f9<br \/>\n<strong>Larghezza<\/strong>: 120mm e pi\u00f9 con 10% da 100 a 110mm[\/vc_column_text][\/vc_column][vc_column width=&#8221;1\/3&#8243;][vc_column_text css=&#8221;.vc_custom_1735641815263{margin-bottom: 10px !important;}&#8221;]<\/p>\n<h3 style=\"text-align: center; font-size: 20px:color:#666;\">fronte<\/h3>\n<p>[\/vc_column_text][vc_separator color=&#8221;#999999&#8243; type=&#8221;normal&#8221; thickness=&#8221;1&#8243; up=&#8221;&#8221; down=&#8221;30&#8243;][vc_single_image image=&#8221;72809&#8243; img_size=&#8221;1300&#215;650&#8243; style=&#8221;zoooom&#8221; onclick=&#8221;link_image&#8221; css=&#8221;.vc_custom_1736888595204{margin-bottom: 22px !important;}&#8221;][\/vc_column][vc_column width=&#8221;1\/3&#8243;][vc_column_text css=&#8221;&#8221;]<\/p>\n<h3 style=\"text-align: center; font-size: 20px:color:#666;\">retro<\/h3>\n<p>[\/vc_column_text][vc_separator color=&#8221;#999999&#8243; type=&#8221;normal&#8221; thickness=&#8221;1&#8243; up=&#8221;&#8221; down=&#8221;30&#8243;][vc_single_image image=&#8221;72812&#8243; img_size=&#8221;1300&#215;650&#8243; style=&#8221;zoooom&#8221; onclick=&#8221;link_image&#8221; css=&#8221;.vc_custom_1736888611186{margin-bottom: 22px !important;}&#8221;][\/vc_column][\/vc_row][vc_row type=&#8221;container&#8221;][vc_column width=&#8221;1\/3&#8243;][vc_column_text css=&#8221;.vc_custom_1735642457948{margin-bottom: 10px !important;}&#8221;]<\/p>\n<h3 style=\"text-align: left; font-weight: 800;\">INDUSTRIAL<\/h3>\n<p>[\/vc_column_text][vc_separator color=&#8221;#999999&#8243; type=&#8221;normal&#8221; thickness=&#8221;1&#8243; up=&#8221;&#8221; down=&#8221;30&#8243;][vc_column_text css=&#8221;&#8221;]<strong>Qualit\u00e0<\/strong>: nodi su entrambe le facce con presenza di cuore sano<br \/>\n<strong>Spessore<\/strong>: 26\/32\/38\/50\/60mm<br \/>\n<strong>Lunghezza<\/strong>: 2100 mm e pi\u00f9<br \/>\n<strong>Larghezza<\/strong>: 120mm e pi\u00f9 con 10% da 100 a 110mm[\/vc_column_text][\/vc_column][vc_column width=&#8221;1\/3&#8243;][vc_column_text css=&#8221;.vc_custom_1735641815263{margin-bottom: 10px !important;}&#8221;]<\/p>\n<h3 style=\"text-align: center; font-size: 20px:color:#666;\">fronte<\/h3>\n<p>[\/vc_column_text][vc_separator color=&#8221;#999999&#8243; type=&#8221;normal&#8221; thickness=&#8221;1&#8243; up=&#8221;&#8221; down=&#8221;30&#8243;][vc_single_image image=&#8221;72821&#8243; img_size=&#8221;1300&#215;650&#8243; style=&#8221;zoooom&#8221; onclick=&#8221;link_image&#8221; css=&#8221;.vc_custom_1736888625531{margin-bottom: 22px !important;}&#8221;][\/vc_column][vc_column width=&#8221;1\/3&#8243;][vc_column_text css=&#8221;&#8221;]<\/p>\n<h3 style=\"text-align: center; font-size: 20px:color:#666;\">retro<\/h3>\n<p>[\/vc_column_text][vc_separator color=&#8221;#999999&#8243; type=&#8221;normal&#8221; thickness=&#8221;1&#8243; up=&#8221;&#8221; down=&#8221;30&#8243;][vc_single_image image=&#8221;72824&#8243; img_size=&#8221;1300&#215;650&#8243; style=&#8221;zoooom&#8221; onclick=&#8221;link_image&#8221; css=&#8221;.vc_custom_1736888642828{margin-bottom: 22px !important;}&#8221;][\/vc_column][\/vc_row][vc_row full_width=&#8221;stretch_row&#8221; parallax=&#8221;content-moving&#8221; parallax_image=&#8221;72338&#8243; type=&#8221;container&#8221; css=&#8221;.vc_custom_1543177599288{margin-top: 80px !important;}&#8221;][vc_column][vc_column_text css=&#8221;.vc_custom_1539697254146{padding-top: 80px !important;padding-bottom: 100px !important;}&#8221; el_class=&#8221;white-text&#8221;]<\/p>\n<h2 style=\"text-align: center; font-size: 48px;\">ROVERE<\/h2>\n<p>[\/vc_column_text][\/vc_column][\/vc_row][vc_row full_width=&#8221;stretch_row&#8221; type=&#8221;container&#8221;][vc_column width=&#8221;1\/2&#8243;][vc_column_text css=&#8221;&#8221;]<\/p>\n<h3>DESCRIZIONE GENERALE<\/h3>\n<p>Durame marrone chiaro, fibratura da dritta a irregolare e incrociata secondo le condizioni di accrescimento. Superfici segate radialmente che mostrano la caratteristica figura argentea dovuta ai larghi raggi.<br \/>\n<strong>Impieghi<\/strong>: mobili, falegnameria d\u2019alta classe, barili da Cognac, vino e birra, cofani.<br \/>\n<strong>Uso<\/strong>: interno\/esterno[\/vc_column_text][\/vc_column][vc_column width=&#8221;1\/2&#8243;][vc_column_text css=&#8221;&#8221;]<\/p>\n<h3>INFORMAZIONI TECNICHE<\/h3>\n<p><strong>Origine:<\/strong>\u00a0Bosnia e Croazia<br \/>\n<strong>Produzione:<\/strong>\u00a0Essiccato (KD) 12+\/-2%<br \/>\n<strong>Spessori:<\/strong>\u00a026mm \u2013 32mm \u2013 38mm \u2013 50mm \u2013 63mm (spessori reali di acquisto dopo essicazione KD)[\/vc_column_text][\/vc_column][\/vc_row][vc_row type=&#8221;container&#8221;][vc_column width=&#8221;1\/3&#8243;][vc_column_text css=&#8221;.vc_custom_1735642697046{margin-bottom: 10px !important;}&#8221;]<\/p>\n<h3 style=\"text-align: left; font-weight: 800;\">PRIME<\/h3>\n<p>[\/vc_column_text][vc_separator color=&#8221;#999999&#8243; type=&#8221;normal&#8221; thickness=&#8221;1&#8243; up=&#8221;&#8221; down=&#8221;30&#8243;][vc_column_text css=&#8221;&#8221;]<strong>Qualit\u00e0<\/strong>: 80% 4 facce nette 20% 3 facce nette<br \/>\n<strong>Spessore<\/strong>: 26\/32\/38\/50 mm<br \/>\n<strong>Lunghezza<\/strong>: 2100mm e pi\u00f9<br \/>\n<strong>Larghezza<\/strong>: 120mm e pi\u00f9 (con 10% da 100mm a 110mm)<\/p>\n<p><strong>Varianti disponibili<\/strong>: Corto (1000-2000mm) \/ Super Corto (300-900mm)[\/vc_column_text][\/vc_column][vc_column width=&#8221;1\/3&#8243;][vc_column_text css=&#8221;.vc_custom_1735641815263{margin-bottom: 10px !important;}&#8221;]<\/p>\n<h3 style=\"text-align: center; font-size: 20px:color:#666;\">fronte<\/h3>\n<p>[\/vc_column_text][vc_separator color=&#8221;#999999&#8243; type=&#8221;normal&#8221; thickness=&#8221;1&#8243; up=&#8221;&#8221; down=&#8221;30&#8243;][vc_single_image image=&#8221;72827&#8243; img_size=&#8221;1300&#215;650&#8243; style=&#8221;zoooom&#8221; onclick=&#8221;link_image&#8221; css=&#8221;.vc_custom_1736888676652{margin-bottom: 22px !important;}&#8221;][\/vc_column][vc_column width=&#8221;1\/3&#8243;][vc_column_text css=&#8221;&#8221;]<\/p>\n<h3 style=\"text-align: center; font-size: 20px:color:#666;\">retro<\/h3>\n<p>[\/vc_column_text][vc_separator color=&#8221;#999999&#8243; type=&#8221;normal&#8221; thickness=&#8221;1&#8243; up=&#8221;&#8221; down=&#8221;30&#8243;][vc_single_image image=&#8221;72830&#8243; img_size=&#8221;1300&#215;650&#8243; style=&#8221;zoooom&#8221; onclick=&#8221;link_image&#8221; css=&#8221;.vc_custom_1736888688113{margin-bottom: 22px !important;}&#8221;][\/vc_column][\/vc_row][vc_row type=&#8221;container&#8221;][vc_column width=&#8221;1\/3&#8243;][vc_column_text css=&#8221;.vc_custom_1735642801322{margin-bottom: 10px !important;}&#8221;]<\/p>\n<h3 style=\"text-align: left; font-weight: 800;\">RUSTIC PLUS<\/h3>\n<p>[\/vc_column_text][vc_separator color=&#8221;#999999&#8243; type=&#8221;normal&#8221; thickness=&#8221;1&#8243; up=&#8221;&#8221; down=&#8221;30&#8243;][vc_column_text css=&#8221;&#8221;]<strong>Qualit\u00e0<\/strong>: nodi ammessi su entrambe le facce fino a 30mm; nodo sano non passante con lieve tracce di alburno sui fianchi.<br \/>\n<strong>Spessore<\/strong>: 26\/32\/38\/50 mm<br \/>\n<strong>Lunghezza<\/strong>: da 2100mm e pi\u00f9<br \/>\n<strong>Larghezza<\/strong>: da 120mm e pi\u00f9 (con 10% da 100 a 110mm)[\/vc_column_text][\/vc_column][vc_column width=&#8221;1\/3&#8243;][vc_column_text css=&#8221;.vc_custom_1735641815263{margin-bottom: 10px !important;}&#8221;]<\/p>\n<h3 style=\"text-align: center; font-size: 20px:color:#666;\">fronte<\/h3>\n<p>[\/vc_column_text][vc_separator color=&#8221;#999999&#8243; type=&#8221;normal&#8221; thickness=&#8221;1&#8243; up=&#8221;&#8221; down=&#8221;30&#8243;][vc_single_image image=&#8221;72833&#8243; img_size=&#8221;1300&#215;650&#8243; style=&#8221;zoooom&#8221; onclick=&#8221;link_image&#8221; css=&#8221;.vc_custom_1736888706537{margin-bottom: 22px !important;}&#8221;][\/vc_column][vc_column width=&#8221;1\/3&#8243;][vc_column_text css=&#8221;&#8221;]<\/p>\n<h3 style=\"text-align: center; font-size: 20px:color:#666;\">retro<\/h3>\n<p>[\/vc_column_text][vc_separator color=&#8221;#999999&#8243; type=&#8221;normal&#8221; thickness=&#8221;1&#8243; up=&#8221;&#8221; down=&#8221;30&#8243;][vc_single_image image=&#8221;72836&#8243; img_size=&#8221;1300&#215;650&#8243; style=&#8221;zoooom&#8221; onclick=&#8221;link_image&#8221; css=&#8221;.vc_custom_1736888747881{margin-bottom: 22px !important;}&#8221;][\/vc_column][\/vc_row][vc_row type=&#8221;container&#8221; css=&#8221;.vc_custom_1737105111913{margin-bottom: 50px !important;}&#8221;][vc_column width=&#8221;1\/3&#8243;][vc_column_text css=&#8221;.vc_custom_1735642841521{margin-bottom: 10px !important;}&#8221;]<\/p>\n<h3 style=\"text-align: left; font-weight: 800;\">RUSTIC STANDARD<\/h3>\n<p>[\/vc_column_text][vc_separator color=&#8221;#999999&#8243; type=&#8221;normal&#8221; thickness=&#8221;1&#8243; up=&#8221;&#8221; down=&#8221;30&#8243;][vc_column_text css=&#8221;&#8221;]<strong>Qualit\u00e0<\/strong>: nodi su entrambe le facce superiori a 30mm; nodo sano anche passante con lieve tracce di alburno su faccia e fianchi.<br \/>\n<strong>Spessore<\/strong>: 26\/32\/38\/50 mm<br \/>\n<strong>Lunghezza<\/strong>: da 2100mm e pi\u00f9<br \/>\n<strong>Larghezza<\/strong>: da 120mm e pi\u00f9 (con 10% da 100 a 110mm)[\/vc_column_text][\/vc_column][vc_column width=&#8221;1\/3&#8243;][vc_column_text css=&#8221;.vc_custom_1735641815263{margin-bottom: 10px !important;}&#8221;]<\/p>\n<h3 style=\"text-align: center; font-size: 20px:color:#666;\">fronte<\/h3>\n<p>[\/vc_column_text][vc_separator color=&#8221;#999999&#8243; type=&#8221;normal&#8221; thickness=&#8221;1&#8243; up=&#8221;&#8221; down=&#8221;30&#8243;][vc_single_image image=&#8221;72839&#8243; img_size=&#8221;1300&#215;650&#8243; style=&#8221;zoooom&#8221; onclick=&#8221;link_image&#8221; css=&#8221;.vc_custom_1736888762539{margin-bottom: 22px !important;}&#8221;][\/vc_column][vc_column width=&#8221;1\/3&#8243;][vc_column_text css=&#8221;&#8221;]<\/p>\n<h3 style=\"text-align: center; font-size: 20px:color:#666;\">retro<\/h3>\n<p>[\/vc_column_text][vc_separator color=&#8221;#999999&#8243; type=&#8221;normal&#8221; thickness=&#8221;1&#8243; up=&#8221;&#8221; down=&#8221;30&#8243;][vc_single_image image=&#8221;72842&#8243; img_size=&#8221;1300&#215;650&#8243; style=&#8221;zoooom&#8221; onclick=&#8221;link_image&#8221; css=&#8221;.vc_custom_1736888772670{margin-bottom: 22px !important;}&#8221;][\/vc_column][\/vc_row]<\/p>\n<\/div>","protected":false},"excerpt":{"rendered":"<p>[vc_row type=&#8221;container&#8221;][vc_column][vc_column_text css=&#8221;.vc_custom_1735640949519{margin-bottom: -10px !important;}&#8221;] I nostri Prodotti [\/vc_column_text][vc_column_text css=&#8221;&#8221;] European hardwood, serving international demand. [\/vc_column_text][\/vc_column][\/vc_row][vc_row full_width=&#8221;stretch_row&#8221; parallax=&#8221;content-moving&#8221; parallax_image=&#8221;72332&#8243; type=&#8221;container&#8221;][vc_column][vc_column_text css=&#8221;.vc_custom_1539274543521{padding-top: 80px !important;padding-bottom: 100px !important;}&#8221; el_class=&#8221;white-text&#8221;] FAGGIO [\/vc_column_text][\/vc_column][\/vc_row][vc_row full_width=&#8221;stretch_row&#8221; type=&#8221;container&#8221;][vc_column width=&#8221;1\/2&#8243;][vc_column_text css=&#8221;&#8221;] DESCRIZIONE GENERALE Il colore del faggio \u00e8 bruno roseo chiaro. La tessitura \u00e8 fine e la fibratura per lo pi\u00f9 dritta. Impieghi:\u00a0mobili, sedie [&hellip;]<\/p>\n","protected":false},"author":1,"featured_media":0,"parent":0,"menu_order":0,"comment_status":"closed","ping_status":"closed","template":"page-full-width.php","meta":{"_acf_changed":false,"footnotes":""},"class_list":["post-71791","page","type-page","status-publish","hentry"],"acf":[],"yoast_head":"<!-- This site is optimized with the Yoast SEO plugin v24.4 - https:\/\/yoast.com\/wordpress\/plugins\/seo\/ -->\n<title>Prodotti - LIPA<\/title>\n<meta name=\"robots\" content=\"index, follow, max-snippet:-1, max-image-preview:large, max-video-preview:-1\" \/>\n<link rel=\"canonical\" href=\"https:\/\/www.lipadrvo.com\/it\/prodotti\/\" \/>\n<meta property=\"og:locale\" content=\"it_IT\" \/>\n<meta property=\"og:type\" content=\"article\" \/>\n<meta property=\"og:title\" content=\"Prodotti - LIPA\" \/>\n<meta property=\"og:description\" content=\"[vc_row type=&#8221;container&#8221;][vc_column][vc_column_text css=&#8221;.vc_custom_1735640949519{margin-bottom: -10px !important;}&#8221;] I nostri Prodotti [\/vc_column_text][vc_column_text css=&#8221;&#8221;] European hardwood, serving international demand. [\/vc_column_text][\/vc_column][\/vc_row][vc_row full_width=&#8221;stretch_row&#8221; parallax=&#8221;content-moving&#8221; parallax_image=&#8221;72332&#8243; type=&#8221;container&#8221;][vc_column][vc_column_text css=&#8221;.vc_custom_1539274543521{padding-top: 80px !important;padding-bottom: 100px !important;}&#8221; el_class=&#8221;white-text&#8221;] FAGGIO [\/vc_column_text][\/vc_column][\/vc_row][vc_row full_width=&#8221;stretch_row&#8221; type=&#8221;container&#8221;][vc_column width=&#8221;1\/2&#8243;][vc_column_text css=&#8221;&#8221;] DESCRIZIONE GENERALE Il colore del faggio \u00e8 bruno roseo chiaro. La tessitura \u00e8 fine e la fibratura per lo pi\u00f9 dritta. Impieghi:\u00a0mobili, sedie [&hellip;]\" \/>\n<meta property=\"og:url\" content=\"https:\/\/www.lipadrvo.com\/it\/prodotti\/\" \/>\n<meta property=\"og:site_name\" content=\"LIPA\" \/>\n<meta property=\"article:modified_time\" content=\"2025-01-31T20:51:18+00:00\" \/>\n<meta name=\"twitter:card\" content=\"summary_large_image\" \/>\n<meta name=\"twitter:label1\" content=\"Tempo di lettura stimato\" \/>\n\t<meta name=\"twitter:data1\" content=\"4 minuti\" \/>\n<script type=\"application\/ld+json\" class=\"yoast-schema-graph\">{\"@context\":\"https:\/\/schema.org\",\"@graph\":[{\"@type\":\"WebPage\",\"@id\":\"https:\/\/www.lipadrvo.com\/it\/prodotti\/\",\"url\":\"https:\/\/www.lipadrvo.com\/it\/prodotti\/\",\"name\":\"Prodotti - LIPA\",\"isPartOf\":{\"@id\":\"https:\/\/www.lipadrvo.com\/#website\"},\"datePublished\":\"2018-10-11T16:08:46+00:00\",\"dateModified\":\"2025-01-31T20:51:18+00:00\",\"breadcrumb\":{\"@id\":\"https:\/\/www.lipadrvo.com\/it\/prodotti\/#breadcrumb\"},\"inLanguage\":\"it-IT\",\"potentialAction\":[{\"@type\":\"ReadAction\",\"target\":[\"https:\/\/www.lipadrvo.com\/it\/prodotti\/\"]}]},{\"@type\":\"BreadcrumbList\",\"@id\":\"https:\/\/www.lipadrvo.com\/it\/prodotti\/#breadcrumb\",\"itemListElement\":[{\"@type\":\"ListItem\",\"position\":1,\"name\":\"Home\",\"item\":\"https:\/\/www.lipadrvo.com\/it\/\"},{\"@type\":\"ListItem\",\"position\":2,\"name\":\"Prodotti\"}]},{\"@type\":\"WebSite\",\"@id\":\"https:\/\/www.lipadrvo.com\/#website\",\"url\":\"https:\/\/www.lipadrvo.com\/\",\"name\":\"LIPA\",\"description\":\"Rooted in quality and trust\",\"potentialAction\":[{\"@type\":\"SearchAction\",\"target\":{\"@type\":\"EntryPoint\",\"urlTemplate\":\"https:\/\/www.lipadrvo.com\/?s={search_term_string}\"},\"query-input\":{\"@type\":\"PropertyValueSpecification\",\"valueRequired\":true,\"valueName\":\"search_term_string\"}}],\"inLanguage\":\"it-IT\"}]}<\/script>\n<!-- \/ Yoast SEO plugin. -->","yoast_head_json":{"title":"Prodotti - LIPA","robots":{"index":"index","follow":"follow","max-snippet":"max-snippet:-1","max-image-preview":"max-image-preview:large","max-video-preview":"max-video-preview:-1"},"canonical":"https:\/\/www.lipadrvo.com\/it\/prodotti\/","og_locale":"it_IT","og_type":"article","og_title":"Prodotti - LIPA","og_description":"[vc_row type=&#8221;container&#8221;][vc_column][vc_column_text css=&#8221;.vc_custom_1735640949519{margin-bottom: -10px !important;}&#8221;] I nostri Prodotti [\/vc_column_text][vc_column_text css=&#8221;&#8221;] European hardwood, serving international demand. [\/vc_column_text][\/vc_column][\/vc_row][vc_row full_width=&#8221;stretch_row&#8221; parallax=&#8221;content-moving&#8221; parallax_image=&#8221;72332&#8243; type=&#8221;container&#8221;][vc_column][vc_column_text css=&#8221;.vc_custom_1539274543521{padding-top: 80px !important;padding-bottom: 100px !important;}&#8221; el_class=&#8221;white-text&#8221;] FAGGIO [\/vc_column_text][\/vc_column][\/vc_row][vc_row full_width=&#8221;stretch_row&#8221; type=&#8221;container&#8221;][vc_column width=&#8221;1\/2&#8243;][vc_column_text css=&#8221;&#8221;] DESCRIZIONE GENERALE Il colore del faggio \u00e8 bruno roseo chiaro. La tessitura \u00e8 fine e la fibratura per lo pi\u00f9 dritta. Impieghi:\u00a0mobili, sedie [&hellip;]","og_url":"https:\/\/www.lipadrvo.com\/it\/prodotti\/","og_site_name":"LIPA","article_modified_time":"2025-01-31T20:51:18+00:00","twitter_card":"summary_large_image","twitter_misc":{"Tempo di lettura stimato":"4 minuti"},"schema":{"@context":"https:\/\/schema.org","@graph":[{"@type":"WebPage","@id":"https:\/\/www.lipadrvo.com\/it\/prodotti\/","url":"https:\/\/www.lipadrvo.com\/it\/prodotti\/","name":"Prodotti - LIPA","isPartOf":{"@id":"https:\/\/www.lipadrvo.com\/#website"},"datePublished":"2018-10-11T16:08:46+00:00","dateModified":"2025-01-31T20:51:18+00:00","breadcrumb":{"@id":"https:\/\/www.lipadrvo.com\/it\/prodotti\/#breadcrumb"},"inLanguage":"it-IT","potentialAction":[{"@type":"ReadAction","target":["https:\/\/www.lipadrvo.com\/it\/prodotti\/"]}]},{"@type":"BreadcrumbList","@id":"https:\/\/www.lipadrvo.com\/it\/prodotti\/#breadcrumb","itemListElement":[{"@type":"ListItem","position":1,"name":"Home","item":"https:\/\/www.lipadrvo.com\/it\/"},{"@type":"ListItem","position":2,"name":"Prodotti"}]},{"@type":"WebSite","@id":"https:\/\/www.lipadrvo.com\/#website","url":"https:\/\/www.lipadrvo.com\/","name":"LIPA","description":"Rooted in quality and trust","potentialAction":[{"@type":"SearchAction","target":{"@type":"EntryPoint","urlTemplate":"https:\/\/www.lipadrvo.com\/?s={search_term_string}"},"query-input":{"@type":"PropertyValueSpecification","valueRequired":true,"valueName":"search_term_string"}}],"inLanguage":"it-IT"}]}},"_links":{"self":[{"href":"https:\/\/www.lipadrvo.com\/it\/wp-json\/wp\/v2\/pages\/71791","targetHints":{"allow":["GET"]}}],"collection":[{"href":"https:\/\/www.lipadrvo.com\/it\/wp-json\/wp\/v2\/pages"}],"about":[{"href":"https:\/\/www.lipadrvo.com\/it\/wp-json\/wp\/v2\/types\/page"}],"author":[{"embeddable":true,"href":"https:\/\/www.lipadrvo.com\/it\/wp-json\/wp\/v2\/users\/1"}],"replies":[{"embeddable":true,"href":"https:\/\/www.lipadrvo.com\/it\/wp-json\/wp\/v2\/comments?post=71791"}],"version-history":[{"count":76,"href":"https:\/\/www.lipadrvo.com\/it\/wp-json\/wp\/v2\/pages\/71791\/revisions"}],"predecessor-version":[{"id":73006,"href":"https:\/\/www.lipadrvo.com\/it\/wp-json\/wp\/v2\/pages\/71791\/revisions\/73006"}],"wp:attachment":[{"href":"https:\/\/www.lipadrvo.com\/it\/wp-json\/wp\/v2\/media?parent=71791"}],"curies":[{"name":"wp","href":"https:\/\/api.w.org\/{rel}","templated":true}]}}